{"id":11942,"date":"2024-10-02T09:00:55","date_gmt":"2024-10-02T13:00:55","guid":{"rendered":"https:\/\/divorceattorneyatweston.com\/politica-de-privacidad\/"},"modified":"2024-10-02T09:08:30","modified_gmt":"2024-10-02T13:08:30","slug":"politica-de-privacidad","status":"publish","type":"page","link":"https:\/\/divorceattorneyatweston.com\/es\/politica-de-privacidad\/","title":{"rendered":"Pol\u00edtica de privacidad"},"content":{"rendered":"<div class=\"fusion-fullwidth fullwidth-box fusion-builder-row-1 fusion-flex-container has-pattern-background has-mask-background nonhundred-percent-fullwidth non-hundred-percent-height-scrolling\" style=\"--awb-border-radius-top-left:0px;--awb-border-radius-top-right:0px;--awb-border-radius-bottom-right:0px;--awb-border-radius-bottom-left:0px;--awb-flex-wrap:wrap;\" ><div class=\"fusion-builder-row fusion-row fusion-flex-align-items-flex-start fusion-flex-content-wrap\" style=\"max-width:1144px;margin-left: calc(-4% \/ 2 );margin-right: calc(-4% \/ 2 );\"><div class=\"fusion-layout-column fusion_builder_column fusion-builder-column-0 fusion_builder_column_1_1 1_1 fusion-flex-column\" style=\"--awb-bg-size:cover;--awb-width-large:100%;--awb-margin-top-large:0px;--awb-spacing-right-large:1.92%;--awb-margin-bottom-large:20px;--awb-spacing-left-large:1.92%;--awb-width-medium:100%;--awb-order-medium:0;--awb-spacing-right-medium:1.92%;--awb-spacing-left-medium:1.92%;--awb-width-small:100%;--awb-order-small:0;--awb-spacing-right-small:1.92%;--awb-spacing-left-small:1.92%;\"><div class=\"fusion-column-wrapper fusion-column-has-shadow fusion-flex-justify-content-flex-start fusion-content-layout-column\"><div class=\"fusion-text fusion-text-1\" style=\"--awb-font-size:var(--awb-typography4-font-size);--awb-line-height:var(--awb-typography4-line-height);--awb-letter-spacing:var(--awb-typography4-letter-spacing);--awb-text-transform:var(--awb-typography4-text-transform);--awb-text-font-family:var(--awb-typography4-font-family);--awb-text-font-weight:var(--awb-typography4-font-weight);--awb-text-font-style:var(--awb-typography4-font-style);\"><h1>Pol\u00edtica de Privacidad para Liliana L. Guarino, P.A.<\/h1>\n<p>En Liliana L. Guarino, P.A., tomamos en serio su privacidad y estamos comprometidos a proteger su informaci\u00f3n personal. Esta Pol\u00edtica de Privacidad explica c\u00f3mo recopilamos, utilizamos y salvaguardamos su informaci\u00f3n cuando trabaja con nuestro bufete de abogados.<\/p>\n<p><strong>1. Informaci\u00f3n personal que recopilamos<\/strong><br \/>\nEn el curso de la prestaci\u00f3n de servicios de divorcio y derecho familiar, podemos recopilar la siguiente informaci\u00f3n sobre usted:<br \/>\n&#8211; Nombre, direcci\u00f3n y datos de contacto.<br \/>\n&#8211; Informaci\u00f3n personal relacionada con su caso legal, como registros financieros, estado civil y detalles familiares.<br \/>\n&#8211; Cualquier otra informaci\u00f3n que elija compartir con nosotros para su representaci\u00f3n legal.<\/p>\n<p><strong>2. C\u00f3mo utilizamos su informaci\u00f3n<\/strong><br \/>\nLa informaci\u00f3n personal que usted proporciona se utiliza \u00fanicamente para:<br \/>\n&#8211; Ofrecer asesoramiento legal y servicios espec\u00edficos para su caso.<br \/>\n&#8211; Comunicarnos con usted sobre su caso, actualizaciones y asuntos legales.<br \/>\n&#8211; Cumplir con nuestras responsabilidades legales y \u00e9ticas como su abogado.<\/p>\n<p><strong>3. Confidencialidad y Protecci\u00f3n de Datos<\/strong><br \/>\nEntendemos la naturaleza sensible de la informaci\u00f3n compartida con nosotros. Est\u00e1 seguro:<br \/>\nNunca venderemos, compartiremos ni divulgaremos su informaci\u00f3n personal a terceros sin su consentimiento, a menos que lo exija la ley o una orden judicial.<br \/>\n&#8211; Su informaci\u00f3n se almacena de forma segura y utilizamos medidas de seguridad razonables para protegerla del acceso no autorizado o el uso indebido.<\/p>\n<p><strong>4. Correo electr\u00f3nico y comunicaci\u00f3n m\u00f3vil<\/strong><br \/>\nAl proporcionar su direcci\u00f3n de correo electr\u00f3nico y n\u00famero de tel\u00e9fono m\u00f3vil, acepta recibir mensajes educativos y de marketing de Liliana L. Guarino, P.A. Estos mensajes pueden incluir:<br \/>\n&#8211; Consejos legales y actualizaciones sobre temas de derecho de familia.<br \/>\n&#8211; Informaci\u00f3n sobre nuestros servicios y pr\u00f3ximos eventos.<\/p>\n<p>Puede darse de baja en cualquier momento haciendo clic en el enlace \u00abcancelar suscripci\u00f3n\u00bb en nuestros correos electr\u00f3nicos o comunic\u00e1ndose con nuestra oficina para optar por no recibir mensajes m\u00f3viles.<\/p>\n<p><strong>5. Tus derechos<\/strong><br \/>\nTienes derecho a:<br \/>\n&#8211; Acceder a la informaci\u00f3n personal que tenemos sobre usted<br \/>\n&#8211; Solicitar correcciones de cualquier inexactitud.<br \/>\n&#8211; Solicitarnos que eliminemos su informaci\u00f3n personal cuando ya no sea necesaria, a menos que estemos obligados a conservarla para fines legales.<\/p>\n<p><strong>6. Cont\u00e1ctenos<\/strong><br \/>\nSi tiene alguna pregunta o inquietud sobre esta Pol\u00edtica de Privacidad o c\u00f3mo manejamos su informaci\u00f3n, comun\u00edquese con nuestra oficina:<\/p>\n<p><strong>Liliana L. Guarino, P.A.<\/strong><br \/>\n2645 Executive Park Dr, Weston, FL 33331<br \/>\nTel\u00e9fono: (954) 389-3337<br \/>\nCorreo electr\u00f3nico: liliana@divorcesttorneyatweston.com<\/p>\n<p>Estamos comprometidos a garantizar que su privacidad sea respetada y protegida en todas las interacciones con nuestra firma.<\/p>\n<\/div><\/div><\/div><\/div><\/div>\n","protected":false},"excerpt":{"rendered":"","protected":false},"author":1,"featured_media":11441,"parent":0,"menu_order":0,"comment_status":"closed","ping_status":"closed","template":"","meta":{"footnotes":""},"class_list":["post-11942","page","type-page","status-publish","has-post-thumbnail","hentry"],"yoast_head":"<!-- This site is optimized with the Yoast SEO plugin v27.3 - https:\/\/yoast.com\/product\/yoast-seo-wordpress\/ -->\n<title>Pol\u00edtica de privacidad - Divorce Attorney Weston Florida - Liliana Guarino, P.A.<\/title>\n<meta name=\"description\" content=\"En Liliana L. Guarino, P.A., tomamos en serio su privacidad y estamos comprometidos a proteger su informaci\u00f3n personal. Esta es nuestra Pol\u00edtica de Privacidad.\" \/>\n<meta name=\"robots\" content=\"index, follow, max-snippet:-1, max-image-preview:large, max-video-preview:-1\" \/>\n<link rel=\"canonical\" href=\"https:\/\/divorceattorneyatweston.com\/es\/politica-de-privacidad\/\" \/>\n<meta property=\"og:locale\" content=\"es_ES\" \/>\n<meta property=\"og:type\" content=\"article\" \/>\n<meta property=\"og:title\" content=\"Pol\u00edtica de privacidad - Divorce Attorney Weston Florida - Liliana Guarino, P.A.\" \/>\n<meta property=\"og:description\" content=\"En Liliana L. Guarino, P.A., tomamos en serio su privacidad y estamos comprometidos a proteger su informaci\u00f3n personal. Esta es nuestra Pol\u00edtica de Privacidad.\" \/>\n<meta property=\"og:url\" content=\"https:\/\/divorceattorneyatweston.com\/es\/politica-de-privacidad\/\" \/>\n<meta property=\"og:site_name\" content=\"Divorce Attorney Weston Florida - Liliana Guarino, P.A.\" \/>\n<meta property=\"article:modified_time\" content=\"2024-10-02T13:08:30+00:00\" \/>\n<meta property=\"og:image\" content=\"https:\/\/divorceattorneyatweston.com\/wp-content\/uploads\/2024\/06\/favicon-270-Liliana-L-Guarino-PA.png\" \/>\n\t<meta property=\"og:image:width\" content=\"270\" \/>\n\t<meta property=\"og:image:height\" content=\"270\" \/>\n\t<meta property=\"og:image:type\" content=\"image\/png\" \/>\n<meta name=\"twitter:label1\" content=\"Tiempo de lectura\" \/>\n\t<meta name=\"twitter:data1\" content=\"2 minutos\" \/>\n<script type=\"application\/ld+json\" class=\"yoast-schema-graph\">{\"@context\":\"https:\\\/\\\/schema.org\",\"@graph\":[{\"@type\":\"WebPage\",\"@id\":\"https:\\\/\\\/divorceattorneyatweston.com\\\/es\\\/politica-de-privacidad\\\/\",\"url\":\"https:\\\/\\\/divorceattorneyatweston.com\\\/es\\\/politica-de-privacidad\\\/\",\"name\":\"Pol\u00edtica de privacidad - Divorce Attorney Weston Florida - Liliana Guarino, P.A.\",\"isPartOf\":{\"@id\":\"https:\\\/\\\/divorceattorneyatweston.com\\\/#website\"},\"primaryImageOfPage\":{\"@id\":\"https:\\\/\\\/divorceattorneyatweston.com\\\/es\\\/politica-de-privacidad\\\/#primaryimage\"},\"image\":{\"@id\":\"https:\\\/\\\/divorceattorneyatweston.com\\\/es\\\/politica-de-privacidad\\\/#primaryimage\"},\"thumbnailUrl\":\"https:\\\/\\\/divorceattorneyatweston.com\\\/wp-content\\\/uploads\\\/2024\\\/06\\\/favicon-270-Liliana-L-Guarino-PA.png\",\"datePublished\":\"2024-10-02T13:00:55+00:00\",\"dateModified\":\"2024-10-02T13:08:30+00:00\",\"description\":\"En Liliana L. Guarino, P.A., tomamos en serio su privacidad y estamos comprometidos a proteger su informaci\u00f3n personal. Esta es nuestra Pol\u00edtica de Privacidad.\",\"breadcrumb\":{\"@id\":\"https:\\\/\\\/divorceattorneyatweston.com\\\/es\\\/politica-de-privacidad\\\/#breadcrumb\"},\"inLanguage\":\"es\",\"potentialAction\":[{\"@type\":\"ReadAction\",\"target\":[\"https:\\\/\\\/divorceattorneyatweston.com\\\/es\\\/politica-de-privacidad\\\/\"]}]},{\"@type\":\"ImageObject\",\"inLanguage\":\"es\",\"@id\":\"https:\\\/\\\/divorceattorneyatweston.com\\\/es\\\/politica-de-privacidad\\\/#primaryimage\",\"url\":\"https:\\\/\\\/divorceattorneyatweston.com\\\/wp-content\\\/uploads\\\/2024\\\/06\\\/favicon-270-Liliana-L-Guarino-PA.png\",\"contentUrl\":\"https:\\\/\\\/divorceattorneyatweston.com\\\/wp-content\\\/uploads\\\/2024\\\/06\\\/favicon-270-Liliana-L-Guarino-PA.png\",\"width\":270,\"height\":270},{\"@type\":\"BreadcrumbList\",\"@id\":\"https:\\\/\\\/divorceattorneyatweston.com\\\/es\\\/politica-de-privacidad\\\/#breadcrumb\",\"itemListElement\":[{\"@type\":\"ListItem\",\"position\":1,\"name\":\"Home\",\"item\":\"https:\\\/\\\/divorceattorneyatweston.com\\\/es\\\/\"},{\"@type\":\"ListItem\",\"position\":2,\"name\":\"Pol\u00edtica de privacidad\"}]},{\"@type\":\"WebSite\",\"@id\":\"https:\\\/\\\/divorceattorneyatweston.com\\\/#website\",\"url\":\"https:\\\/\\\/divorceattorneyatweston.com\\\/\",\"name\":\"Divorce Attorney Weston Florida - Liliana Guarino, P.A.\",\"description\":\"Matrimonial and Family Law\",\"potentialAction\":[{\"@type\":\"SearchAction\",\"target\":{\"@type\":\"EntryPoint\",\"urlTemplate\":\"https:\\\/\\\/divorceattorneyatweston.com\\\/?s={search_term_string}\"},\"query-input\":{\"@type\":\"PropertyValueSpecification\",\"valueRequired\":true,\"valueName\":\"search_term_string\"}}],\"inLanguage\":\"es\"}]}<\/script>\n<!-- \/ Yoast SEO plugin. -->","yoast_head_json":{"title":"Pol\u00edtica de privacidad - Divorce Attorney Weston Florida - Liliana Guarino, P.A.","description":"En Liliana L. Guarino, P.A., tomamos en serio su privacidad y estamos comprometidos a proteger su informaci\u00f3n personal. Esta es nuestra Pol\u00edtica de Privacidad.","robots":{"index":"index","follow":"follow","max-snippet":"max-snippet:-1","max-image-preview":"max-image-preview:large","max-video-preview":"max-video-preview:-1"},"canonical":"https:\/\/divorceattorneyatweston.com\/es\/politica-de-privacidad\/","og_locale":"es_ES","og_type":"article","og_title":"Pol\u00edtica de privacidad - Divorce Attorney Weston Florida - Liliana Guarino, P.A.","og_description":"En Liliana L. Guarino, P.A., tomamos en serio su privacidad y estamos comprometidos a proteger su informaci\u00f3n personal. Esta es nuestra Pol\u00edtica de Privacidad.","og_url":"https:\/\/divorceattorneyatweston.com\/es\/politica-de-privacidad\/","og_site_name":"Divorce Attorney Weston Florida - Liliana Guarino, P.A.","article_modified_time":"2024-10-02T13:08:30+00:00","og_image":[{"width":270,"height":270,"url":"https:\/\/divorceattorneyatweston.com\/wp-content\/uploads\/2024\/06\/favicon-270-Liliana-L-Guarino-PA.png","type":"image\/png"}],"twitter_misc":{"Tiempo de lectura":"2 minutos"},"schema":{"@context":"https:\/\/schema.org","@graph":[{"@type":"WebPage","@id":"https:\/\/divorceattorneyatweston.com\/es\/politica-de-privacidad\/","url":"https:\/\/divorceattorneyatweston.com\/es\/politica-de-privacidad\/","name":"Pol\u00edtica de privacidad - Divorce Attorney Weston Florida - Liliana Guarino, P.A.","isPartOf":{"@id":"https:\/\/divorceattorneyatweston.com\/#website"},"primaryImageOfPage":{"@id":"https:\/\/divorceattorneyatweston.com\/es\/politica-de-privacidad\/#primaryimage"},"image":{"@id":"https:\/\/divorceattorneyatweston.com\/es\/politica-de-privacidad\/#primaryimage"},"thumbnailUrl":"https:\/\/divorceattorneyatweston.com\/wp-content\/uploads\/2024\/06\/favicon-270-Liliana-L-Guarino-PA.png","datePublished":"2024-10-02T13:00:55+00:00","dateModified":"2024-10-02T13:08:30+00:00","description":"En Liliana L. Guarino, P.A., tomamos en serio su privacidad y estamos comprometidos a proteger su informaci\u00f3n personal. Esta es nuestra Pol\u00edtica de Privacidad.","breadcrumb":{"@id":"https:\/\/divorceattorneyatweston.com\/es\/politica-de-privacidad\/#breadcrumb"},"inLanguage":"es","potentialAction":[{"@type":"ReadAction","target":["https:\/\/divorceattorneyatweston.com\/es\/politica-de-privacidad\/"]}]},{"@type":"ImageObject","inLanguage":"es","@id":"https:\/\/divorceattorneyatweston.com\/es\/politica-de-privacidad\/#primaryimage","url":"https:\/\/divorceattorneyatweston.com\/wp-content\/uploads\/2024\/06\/favicon-270-Liliana-L-Guarino-PA.png","contentUrl":"https:\/\/divorceattorneyatweston.com\/wp-content\/uploads\/2024\/06\/favicon-270-Liliana-L-Guarino-PA.png","width":270,"height":270},{"@type":"BreadcrumbList","@id":"https:\/\/divorceattorneyatweston.com\/es\/politica-de-privacidad\/#breadcrumb","itemListElement":[{"@type":"ListItem","position":1,"name":"Home","item":"https:\/\/divorceattorneyatweston.com\/es\/"},{"@type":"ListItem","position":2,"name":"Pol\u00edtica de privacidad"}]},{"@type":"WebSite","@id":"https:\/\/divorceattorneyatweston.com\/#website","url":"https:\/\/divorceattorneyatweston.com\/","name":"Divorce Attorney Weston Florida - Liliana Guarino, P.A.","description":"Matrimonial and Family Law","potentialAction":[{"@type":"SearchAction","target":{"@type":"EntryPoint","urlTemplate":"https:\/\/divorceattorneyatweston.com\/?s={search_term_string}"},"query-input":{"@type":"PropertyValueSpecification","valueRequired":true,"valueName":"search_term_string"}}],"inLanguage":"es"}]}},"_links":{"self":[{"href":"https:\/\/divorceattorneyatweston.com\/es\/wp-json\/wp\/v2\/pages\/11942","targetHints":{"allow":["GET"]}}],"collection":[{"href":"https:\/\/divorceattorneyatweston.com\/es\/wp-json\/wp\/v2\/pages"}],"about":[{"href":"https:\/\/divorceattorneyatweston.com\/es\/wp-json\/wp\/v2\/types\/page"}],"author":[{"embeddable":true,"href":"https:\/\/divorceattorneyatweston.com\/es\/wp-json\/wp\/v2\/users\/1"}],"replies":[{"embeddable":true,"href":"https:\/\/divorceattorneyatweston.com\/es\/wp-json\/wp\/v2\/comments?post=11942"}],"version-history":[{"count":4,"href":"https:\/\/divorceattorneyatweston.com\/es\/wp-json\/wp\/v2\/pages\/11942\/revisions"}],"predecessor-version":[{"id":11946,"href":"https:\/\/divorceattorneyatweston.com\/es\/wp-json\/wp\/v2\/pages\/11942\/revisions\/11946"}],"wp:featuredmedia":[{"embeddable":true,"href":"https:\/\/divorceattorneyatweston.com\/es\/wp-json\/wp\/v2\/media\/11441"}],"wp:attachment":[{"href":"https:\/\/divorceattorneyatweston.com\/es\/wp-json\/wp\/v2\/media?parent=11942"}],"curies":[{"name":"wp","href":"https:\/\/api.w.org\/{rel}","templated":true}]}}