{"id":1703,"date":"2018-02-05T16:44:03","date_gmt":"2018-02-05T21:44:03","guid":{"rendered":"http:\/\/divorceattorneyatweston.com\/es\/?page_id=1703"},"modified":"2025-09-09T11:59:01","modified_gmt":"2025-09-09T15:59:01","slug":"areas-de-practica","status":"publish","type":"page","link":"https:\/\/divorceattorneyatweston.com\/es\/areas-de-practica\/","title":{"rendered":"Areas de practica"},"content":{"rendered":"<p><div class=\"fusion-fullwidth fullwidth-box fusion-builder-row-1 nonhundred-percent-fullwidth non-hundred-percent-height-scrolling\" style=\"--awb-background-position:left top;--awb-border-sizes-top:0px;--awb-border-sizes-bottom:0px;--awb-border-sizes-left:0px;--awb-border-sizes-right:0px;--awb-border-radius-top-left:0px;--awb-border-radius-top-right:0px;--awb-border-radius-bottom-right:0px;--awb-border-radius-bottom-left:0px;--awb-padding-top:20px;--awb-padding-bottom:20px;--awb-flex-wrap:wrap;\" ><div class=\"fusion-builder-row fusion-row\"><div class=\"fusion-layout-column fusion_builder_column fusion-builder-column-0 fusion_builder_column_1_1 1_1 fusion-one-full fusion-column-first fusion-column-last fusion-column-no-min-height\" style=\"--awb-bg-size:cover;--awb-margin-bottom:0px;\"><div class=\"fusion-column-wrapper fusion-flex-column-wrapper-legacy\"><div class=\"fusion-title title fusion-title-1 fusion-sep-none fusion-title-text fusion-title-size-one\"><h1 class=\"fusion-title-heading title-heading-left\" style=\"margin:0;\">Liliana L Guarino PA ofrece opciones para el divorcio junto con otros servicios legales relacionados con la familia.<\/h1><\/div><div class=\"fusion-clearfix\"><\/div><\/div><\/div><div class=\"fusion-layout-column fusion_builder_column fusion-builder-column-1 fusion_builder_column_1_2 1_2 fusion-one-half fusion-column-first\" style=\"--awb-padding-top:0px;--awb-padding-right:20px;--awb-padding-bottom:0px;--awb-padding-left:20px;--awb-bg-size:cover;\"><div class=\"fusion-column-wrapper fusion-flex-column-wrapper-legacy\"><div class=\"fusion-aligncenter\"><a class=\"fusion-button button-flat fusion-button-default-size button-default fusion-button-default button-1 fusion-button-default-span fusion-button-default-type\" target=\"_self\" href=\"\/es\/servicios-de-divorcio\/\"><span class=\"fusion-button-text awb-button__text awb-button__text--default\">Servicios de divorcio convencional<\/span><\/a><\/div><div class=\"fusion-sep-clear\"><\/div><div class=\"fusion-separator fusion-full-width-sep\" style=\"margin-left: auto;margin-right: auto;margin-top:10px;margin-bottom:10px;width:100%;\"><\/div><div class=\"fusion-sep-clear\"><\/div><div class=\"fusion-text fusion-text-1\"><p>Divorcio convencional. Divorcio de com\u00fan acuerdo o complejo. Liliana puede ayudar, sin importar su situaci\u00f3n.<\/p>\n<\/div><div class=\"fusion-clearfix\"><\/div><\/div><\/div><div class=\"fusion-layout-column fusion_builder_column fusion-builder-column-2 fusion_builder_column_1_2 1_2 fusion-one-half fusion-column-last\" style=\"--awb-padding-top:0px;--awb-padding-right:20px;--awb-padding-bottom:0px;--awb-padding-left:20px;--awb-bg-size:cover;\"><div class=\"fusion-column-wrapper fusion-flex-column-wrapper-legacy\"><div class=\"fusion-aligncenter\"><a class=\"fusion-button button-flat fusion-button-default-size button-default fusion-button-default button-2 fusion-button-default-span fusion-button-default-type\" target=\"_self\" href=\"https:\/\/divorceattorneyatweston.com\/es\/derecho-colaborativo\/\"><span class=\"fusion-button-text awb-button__text awb-button__text--default\">Divorcio colaborativo<\/span><\/a><\/div><div class=\"fusion-sep-clear\"><\/div><div class=\"fusion-separator fusion-full-width-sep\" style=\"margin-left: auto;margin-right: auto;margin-top:10px;margin-bottom:10px;width:100%;\"><\/div><div class=\"fusion-sep-clear\"><\/div><div class=\"fusion-text fusion-text-2\" style=\"--awb-text-transform:none;\"><p>El divorcio colaborativo es un enfoque de equipo en el que ambos c\u00f3nyuges y sus abogados firman un <em>Acuerdo de participaci\u00f3n<\/em> acordando trabajar juntos.<\/p>\n<\/div><div class=\"fusion-clearfix\"><\/div><\/div><\/div><div class=\"fusion-layout-column fusion_builder_column fusion-builder-column-3 fusion_builder_column_1_2 1_2 fusion-one-half fusion-column-first\" style=\"--awb-padding-top:0px;--awb-padding-right:20px;--awb-padding-bottom:0px;--awb-padding-left:20px;--awb-bg-size:cover;\"><div class=\"fusion-column-wrapper fusion-flex-column-wrapper-legacy\"><div class=\"fusion-aligncenter\"><a class=\"fusion-button button-flat fusion-button-default-size button-default fusion-button-default button-3 fusion-button-default-span fusion-button-default-type\" target=\"_self\" href=\"es\/mediacion-familiar-certificada-weston-florida\/\"><span class=\"fusion-button-text awb-button__text awb-button__text--default\">Mediaci\u00f3n familiar certificada<\/span><\/a><\/div><div class=\"fusion-sep-clear\"><\/div><div class=\"fusion-separator fusion-full-width-sep\" style=\"margin-left: auto;margin-right: auto;margin-top:10px;margin-bottom:10px;width:100%;\"><\/div><div class=\"fusion-sep-clear\"><\/div><div class=\"fusion-text fusion-text-3\"><p>\u00bfUsted y su c\u00f3nyuge est\u00e1n de acuerdo en que trabajar juntos es la mejor manera de disolver su matrimonio? En caso afirmativo, el servicio de mediaci\u00f3n familiar certificado de Liliana es una opci\u00f3n rentable para explorar.<\/p>\n<\/div><div class=\"fusion-clearfix\"><\/div><\/div><\/div><div class=\"fusion-layout-column fusion_builder_column fusion-builder-column-4 fusion_builder_column_1_2 1_2 fusion-one-half fusion-column-last\" style=\"--awb-padding-top:0px;--awb-padding-right:20px;--awb-padding-bottom:0px;--awb-padding-left:20px;--awb-bg-size:cover;\"><div class=\"fusion-column-wrapper fusion-flex-column-wrapper-legacy\"><div class=\"fusion-aligncenter\"><a class=\"fusion-button button-flat fusion-button-default-size button-default fusion-button-default button-4 fusion-button-default-span fusion-button-default-type\" target=\"_self\" href=\"\/es\/tarifa-fija-divorcio-de-comun-acuerdo-divorcio-en-30-dias\/\"><span class=\"fusion-button-text awb-button__text awb-button__text--default\">Precio fijo &#8211; divorcio en 30 dias<\/span><\/a><\/div><div class=\"fusion-sep-clear\"><\/div><div class=\"fusion-separator fusion-full-width-sep\" style=\"margin-left: auto;margin-right: auto;margin-top:10px;margin-bottom:10px;width:100%;\"><\/div><div class=\"fusion-sep-clear\"><\/div><div class=\"fusion-text fusion-text-4\"><p>Est\u00e1n usted y su c\u00f3nyugue de acuerdo en todos los puntos? Nuestro servicio de divorcio de com\u00fan acuerdo con precio fijo es la forma m\u00e1s econ\u00f3mica de divorciarse.<\/p>\n<\/div><div class=\"fusion-clearfix\"><\/div><\/div><\/div><div class=\"fusion-layout-column fusion_builder_column fusion-builder-column-5 fusion_builder_column_1_1 1_1 fusion-one-full fusion-column-first fusion-column-last\" style=\"--awb-padding-top:0px;--awb-padding-right:20px;--awb-padding-bottom:0px;--awb-padding-left:20px;--awb-bg-size:cover;\"><div class=\"fusion-column-wrapper fusion-flex-column-wrapper-legacy\"><div class=\"fusion-aligncenter\"><a class=\"fusion-button button-flat fusion-button-default-size button-default fusion-button-default button-5 fusion-button-default-span fusion-button-default-type\" target=\"_self\" href=\"#\" data-toggle=\"modal\" data-target=\".fusion-modal.serviciosadicionales\"><span class=\"fusion-button-text awb-button__text awb-button__text--default\">Servicios legales familiares<\/span><\/a><\/div><div class=\"fusion-sep-clear\"><\/div><div class=\"fusion-separator fusion-full-width-sep\" style=\"margin-left: auto;margin-right: auto;margin-top:10px;margin-bottom:10px;width:100%;\"><\/div><div class=\"fusion-sep-clear\"><\/div><div class=\"fusion-text fusion-text-5\"><p>Liliana no es solo una abogada de divorcio. Sus servicios est\u00e1n dise\u00f1ados para ayudar a trav\u00e9s de los cambios de la vida, como los ni\u00f1os que van a la universidad.<\/p>\n<\/div><div class=\"fusion-clearfix\"><\/div><\/div><\/div><\/div><\/div><div class=\"fusion-fullwidth fullwidth-box fusion-builder-row-2 nonhundred-percent-fullwidth non-hundred-percent-height-scrolling\" style=\"--awb-border-radius-top-left:0px;--awb-border-radius-top-right:0px;--awb-border-radius-bottom-right:0px;--awb-border-radius-bottom-left:0px;--awb-flex-wrap:wrap;\" ><div class=\"fusion-builder-row fusion-row\"><div class=\"fusion-layout-column fusion_builder_column fusion-builder-column-6 fusion_builder_column_1_1 1_1 fusion-one-full fusion-column-first fusion-column-last\" style=\"--awb-bg-size:cover;--awb-margin-bottom:0px;\"><div class=\"fusion-column-wrapper fusion-flex-column-wrapper-legacy\"><div class=\"fusion-modal modal fade modal-1 serviciosadicionales\" tabindex=\"-1\" role=\"dialog\" aria-labelledby=\"modal-heading-1\" aria-hidden=\"true\" style=\"--awb-border-color:#ebebeb;--awb-background:#f6f6f6;\"><div class=\"modal-dialog modal-lg\" role=\"document\"><div class=\"modal-content fusion-modal-content\"><div class=\"modal-header\"><button class=\"close\" type=\"button\" data-dismiss=\"modal\" aria-hidden=\"true\" aria-label=\"Close\">&times;<\/button><h3 class=\"modal-title\" id=\"modal-heading-1\" data-dismiss=\"modal\" aria-hidden=\"true\">Servicios legales adicionales disponibles de Liliana L Guarino PA<\/h3><\/div><div class=\"modal-body fusion-clearfix\"><strong> <span style=\"color: #3054ad;\">Testamentos &#8211;<\/span><\/strong><br \/>\nUn testamento o testamento es un documento legal mediante el cual una persona, el testador, expresa sus deseos sobre c\u00f3mo se distribuir\u00e1 su propiedad al momento de la muerte, y nombra a una o m\u00e1s personas, el ejecutor, para administrar el patrimonio hasta su distribuci\u00f3n final.<\/p>\n<p><strong> <span style=\"color: #3054ad;\">Fideicomisos &#8211;<\/span><\/strong><br \/>\nUn fideicomiso es una relaci\u00f3n por la cual la propiedad es mantenida por una de las partes para el beneficio de otra. Un fideicomiso es creado por un fideicomitente, quien transfiere la propiedad a un fiduciario. El fiduciario posee esa propiedad para los beneficiarios del fideicomiso. Los fideicomisos existen principalmente en jurisdicciones de derecho com\u00fan y sistemas similares existieron desde la \u00e9poca romana.<\/p>\n<p><strong> <span style=\"color: #3054ad;\">Guardian\u00edas &#8211;<\/span><\/strong><br \/>\nUn tutor legal es una persona que tiene la autoridad legal (y el deber correspondiente) para cuidar los intereses personales y patrimoniales de otra persona, llamada pupilo.<\/p>\n<p><strong> <span style=\"color: #3054ad;\">Servicios de paternidad &#8211;<\/span><\/strong><br \/>\nLa ley de paternidad se refiere a la relaci\u00f3n legal entre un padre y sus hijos biol\u00f3gicos o adoptados y se ocupa de los derechos y obligaciones tanto del padre como del hijo entre s\u00ed y con los dem\u00e1s.<\/p>\n<p><strong> <span style=\"color: #3054ad;\">Legalizaci\u00f3n de un testamento &#8211;<\/span><\/strong><br \/>\nEl testamento es el proceso de probar que un testamento es v\u00e1lido y, a partir de entonces, administrar el patrimonio de un muerto de acuerdo con los t\u00e9rminos del testamento. Es un acto judicial o determinaci\u00f3n de un tribunal con jurisdicci\u00f3n competente que establece la validez de un testamento.<\/p>\n<p><strong> <span style=\"color: #3054ad;\">Llame a Liliana al (954) 389-3337 para discutir su situaci\u00f3n.<\/span><\/strong><\/div><div class=\"modal-footer\"><button class=\"fusion-button button-default button-medium button default medium\" type=\"button\" data-dismiss=\"modal\">Close<\/button><\/div><\/div><\/div><\/div><div class=\"fusion-clearfix\"><\/div><\/div><\/div><\/div><\/div><div class=\"fusion-fullwidth fullwidth-box fusion-builder-row-3 fusion-flex-container nonhundred-percent-fullwidth non-hundred-percent-height-scrolling\" style=\"--awb-border-radius-top-left:0px;--awb-border-radius-top-right:0px;--awb-border-radius-bottom-right:0px;--awb-border-radius-bottom-left:0px;--awb-padding-right:40px;--awb-padding-left:40px;--awb-margin-top:40px;--awb-background-color:#cce4fc;--awb-flex-wrap:wrap;\" ><div class=\"fusion-builder-row fusion-row fusion-flex-align-items-center fusion-flex-content-wrap\" style=\"max-width:1144px;margin-left: calc(-4% \/ 2 );margin-right: calc(-4% \/ 2 );\"><div class=\"fusion-layout-column fusion_builder_column fusion-builder-column-7 fusion_builder_column_3_4 3_4 fusion-flex-column fusion-flex-align-self-center\" style=\"--awb-bg-size:cover;--awb-width-large:75%;--awb-margin-top-large:0px;--awb-spacing-right-large:2.56%;--awb-margin-bottom-large:0px;--awb-spacing-left-large:2.56%;--awb-width-medium:100%;--awb-order-medium:0;--awb-spacing-right-medium:1.92%;--awb-spacing-left-medium:1.92%;--awb-width-small:100%;--awb-order-small:0;--awb-spacing-right-small:1.92%;--awb-spacing-left-small:1.92%;\"><div class=\"fusion-column-wrapper fusion-column-has-shadow fusion-flex-justify-content-center fusion-content-layout-column\"><div class=\"fusion-text fusion-text-6\" style=\"--awb-text-transform:none;\"><h1>Agenda una consulta personal con Liliana<\/h1>\n<\/div><\/div><\/div><div class=\"fusion-layout-column fusion_builder_column fusion-builder-column-8 fusion_builder_column_1_4 1_4 fusion-flex-column fusion-flex-align-self-center\" style=\"--awb-padding-top:20px;--awb-padding-bottom:20px;--awb-padding-left:0px;--awb-bg-size:cover;--awb-width-large:25%;--awb-margin-top-large:0px;--awb-spacing-right-large:0px;--awb-margin-bottom-large:0px;--awb-spacing-left-large:0px;--awb-width-medium:100%;--awb-order-medium:0;--awb-spacing-right-medium:1.92%;--awb-spacing-left-medium:1.92%;--awb-width-small:100%;--awb-order-small:0;--awb-spacing-right-small:1.92%;--awb-spacing-left-small:1.92%;\"><div class=\"fusion-column-wrapper fusion-column-has-shadow fusion-flex-justify-content-space-evenly fusion-content-layout-column\"><div style=\"text-align:center;\"><a class=\"fusion-button button-flat button-xlarge button-default fusion-button-default button-6 fusion-button-default-span fusion-button-default-type\" target=\"_blank\" rel=\"noopener noreferrer\" href=\"https:\/\/divorceattorneyatweston.com\/es\/descargo-de-responsabilidad-de-consulta-gratuita\/\"><span class=\"fusion-button-text awb-button__text awb-button__text--default\">\u00a1Empieza ahora gratis!<\/span><\/a><\/div><\/div><\/div><\/div><\/div>\n<\/p>\n","protected":false},"excerpt":{"rendered":"","protected":false},"author":1,"featured_media":0,"parent":0,"menu_order":0,"comment_status":"closed","ping_status":"closed","template":"","meta":{"footnotes":""},"class_list":["post-1703","page","type-page","status-publish","hentry"],"yoast_head":"<!-- This site is optimized with the Yoast SEO plugin v27.0 - https:\/\/yoast.com\/product\/yoast-seo-wordpress\/ -->\n<title>Areas de practica - Divorce Attorney Weston Florida - Liliana Guarino, P.A.<\/title>\n<meta name=\"robots\" content=\"index, follow, max-snippet:-1, max-image-preview:large, max-video-preview:-1\" \/>\n<link rel=\"canonical\" href=\"https:\/\/divorceattorneyatweston.com\/es\/areas-de-practica\/\" \/>\n<meta property=\"og:locale\" content=\"es_ES\" \/>\n<meta property=\"og:type\" content=\"article\" \/>\n<meta property=\"og:title\" content=\"Areas de practica - Divorce Attorney Weston Florida - Liliana Guarino, P.A.\" \/>\n<meta property=\"og:url\" content=\"https:\/\/divorceattorneyatweston.com\/es\/areas-de-practica\/\" \/>\n<meta property=\"og:site_name\" content=\"Divorce Attorney Weston Florida - Liliana Guarino, P.A.\" \/>\n<meta property=\"article:modified_time\" content=\"2025-09-09T15:59:01+00:00\" \/>\n<meta property=\"og:image\" content=\"https:\/\/divorceattorneyatweston.com\/wp-content\/uploads\/2024\/10\/liliana-l-guarino-profile-2024-H-1.jpg\" \/>\n\t<meta property=\"og:image:width\" content=\"1200\" \/>\n\t<meta property=\"og:image:height\" content=\"734\" \/>\n\t<meta property=\"og:image:type\" content=\"image\/jpeg\" \/>\n<meta name=\"twitter:label1\" content=\"Tiempo de lectura\" \/>\n\t<meta name=\"twitter:data1\" content=\"2 minutos\" \/>\n<script type=\"application\/ld+json\" class=\"yoast-schema-graph\">{\"@context\":\"https:\/\/schema.org\",\"@graph\":[{\"@type\":\"WebPage\",\"@id\":\"https:\/\/divorceattorneyatweston.com\/es\/areas-de-practica\/\",\"url\":\"https:\/\/divorceattorneyatweston.com\/es\/areas-de-practica\/\",\"name\":\"Areas de practica - Divorce Attorney Weston Florida - Liliana Guarino, P.A.\",\"isPartOf\":{\"@id\":\"https:\/\/divorceattorneyatweston.com\/#website\"},\"datePublished\":\"2018-02-05T21:44:03+00:00\",\"dateModified\":\"2025-09-09T15:59:01+00:00\",\"breadcrumb\":{\"@id\":\"https:\/\/divorceattorneyatweston.com\/es\/areas-de-practica\/#breadcrumb\"},\"inLanguage\":\"es\",\"potentialAction\":[{\"@type\":\"ReadAction\",\"target\":[\"https:\/\/divorceattorneyatweston.com\/es\/areas-de-practica\/\"]}]},{\"@type\":\"BreadcrumbList\",\"@id\":\"https:\/\/divorceattorneyatweston.com\/es\/areas-de-practica\/#breadcrumb\",\"itemListElement\":[{\"@type\":\"ListItem\",\"position\":1,\"name\":\"Home\",\"item\":\"https:\/\/divorceattorneyatweston.com\/es\/\"},{\"@type\":\"ListItem\",\"position\":2,\"name\":\"Areas de practica\"}]},{\"@type\":\"WebSite\",\"@id\":\"https:\/\/divorceattorneyatweston.com\/#website\",\"url\":\"https:\/\/divorceattorneyatweston.com\/\",\"name\":\"Divorce Attorney Weston Florida - Liliana Guarino, P.A.\",\"description\":\"Matrimonial and Family Law\",\"potentialAction\":[{\"@type\":\"SearchAction\",\"target\":{\"@type\":\"EntryPoint\",\"urlTemplate\":\"https:\/\/divorceattorneyatweston.com\/?s={search_term_string}\"},\"query-input\":{\"@type\":\"PropertyValueSpecification\",\"valueRequired\":true,\"valueName\":\"search_term_string\"}}],\"inLanguage\":\"es\"}]}<\/script>\n<!-- \/ Yoast SEO plugin. -->","yoast_head_json":{"title":"Areas de practica - Divorce Attorney Weston Florida - Liliana Guarino, P.A.","robots":{"index":"index","follow":"follow","max-snippet":"max-snippet:-1","max-image-preview":"max-image-preview:large","max-video-preview":"max-video-preview:-1"},"canonical":"https:\/\/divorceattorneyatweston.com\/es\/areas-de-practica\/","og_locale":"es_ES","og_type":"article","og_title":"Areas de practica - Divorce Attorney Weston Florida - Liliana Guarino, P.A.","og_url":"https:\/\/divorceattorneyatweston.com\/es\/areas-de-practica\/","og_site_name":"Divorce Attorney Weston Florida - Liliana Guarino, P.A.","article_modified_time":"2025-09-09T15:59:01+00:00","og_image":[{"width":1200,"height":734,"url":"https:\/\/divorceattorneyatweston.com\/wp-content\/uploads\/2024\/10\/liliana-l-guarino-profile-2024-H-1.jpg","type":"image\/jpeg"}],"twitter_misc":{"Tiempo de lectura":"2 minutos"},"schema":{"@context":"https:\/\/schema.org","@graph":[{"@type":"WebPage","@id":"https:\/\/divorceattorneyatweston.com\/es\/areas-de-practica\/","url":"https:\/\/divorceattorneyatweston.com\/es\/areas-de-practica\/","name":"Areas de practica - Divorce Attorney Weston Florida - Liliana Guarino, P.A.","isPartOf":{"@id":"https:\/\/divorceattorneyatweston.com\/#website"},"datePublished":"2018-02-05T21:44:03+00:00","dateModified":"2025-09-09T15:59:01+00:00","breadcrumb":{"@id":"https:\/\/divorceattorneyatweston.com\/es\/areas-de-practica\/#breadcrumb"},"inLanguage":"es","potentialAction":[{"@type":"ReadAction","target":["https:\/\/divorceattorneyatweston.com\/es\/areas-de-practica\/"]}]},{"@type":"BreadcrumbList","@id":"https:\/\/divorceattorneyatweston.com\/es\/areas-de-practica\/#breadcrumb","itemListElement":[{"@type":"ListItem","position":1,"name":"Home","item":"https:\/\/divorceattorneyatweston.com\/es\/"},{"@type":"ListItem","position":2,"name":"Areas de practica"}]},{"@type":"WebSite","@id":"https:\/\/divorceattorneyatweston.com\/#website","url":"https:\/\/divorceattorneyatweston.com\/","name":"Divorce Attorney Weston Florida - Liliana Guarino, P.A.","description":"Matrimonial and Family Law","potentialAction":[{"@type":"SearchAction","target":{"@type":"EntryPoint","urlTemplate":"https:\/\/divorceattorneyatweston.com\/?s={search_term_string}"},"query-input":{"@type":"PropertyValueSpecification","valueRequired":true,"valueName":"search_term_string"}}],"inLanguage":"es"}]}},"jetpack_sharing_enabled":true,"jetpack_shortlink":"https:\/\/wp.me\/P6xNow-rt","_links":{"self":[{"href":"https:\/\/divorceattorneyatweston.com\/es\/wp-json\/wp\/v2\/pages\/1703","targetHints":{"allow":["GET"]}}],"collection":[{"href":"https:\/\/divorceattorneyatweston.com\/es\/wp-json\/wp\/v2\/pages"}],"about":[{"href":"https:\/\/divorceattorneyatweston.com\/es\/wp-json\/wp\/v2\/types\/page"}],"author":[{"embeddable":true,"href":"https:\/\/divorceattorneyatweston.com\/es\/wp-json\/wp\/v2\/users\/1"}],"replies":[{"embeddable":true,"href":"https:\/\/divorceattorneyatweston.com\/es\/wp-json\/wp\/v2\/comments?post=1703"}],"version-history":[{"count":7,"href":"https:\/\/divorceattorneyatweston.com\/es\/wp-json\/wp\/v2\/pages\/1703\/revisions"}],"predecessor-version":[{"id":30819,"href":"https:\/\/divorceattorneyatweston.com\/es\/wp-json\/wp\/v2\/pages\/1703\/revisions\/30819"}],"wp:attachment":[{"href":"https:\/\/divorceattorneyatweston.com\/es\/wp-json\/wp\/v2\/media?parent=1703"}],"curies":[{"name":"wp","href":"https:\/\/api.w.org\/{rel}","templated":true}]}}