{"id":22150,"date":"2025-01-10T15:53:26","date_gmt":"2025-01-10T20:53:26","guid":{"rendered":"https:\/\/divorceattorneyatweston.com\/descargo-de-responsabilidad-de-consulta-gratuita\/"},"modified":"2025-09-09T11:47:29","modified_gmt":"2025-09-09T15:47:29","slug":"descargo-de-responsabilidad-de-consulta-gratuita","status":"publish","type":"page","link":"https:\/\/divorceattorneyatweston.com\/es\/descargo-de-responsabilidad-de-consulta-gratuita\/","title":{"rendered":"Descargo de responsabilidad de consulta gratuita"},"content":{"rendered":"<div class=\"fusion-fullwidth fullwidth-box fusion-builder-row-1 fusion-flex-container has-pattern-background has-mask-background nonhundred-percent-fullwidth non-hundred-percent-height-scrolling\" style=\"--awb-border-radius-top-left:0px;--awb-border-radius-top-right:0px;--awb-border-radius-bottom-right:0px;--awb-border-radius-bottom-left:0px;--awb-background-color:var(--awb-color2);--awb-flex-wrap:wrap;\" ><div class=\"fusion-builder-row fusion-row fusion-flex-align-items-flex-start fusion-flex-content-wrap\" style=\"max-width:1144px;margin-left: calc(-4% \/ 2 );margin-right: calc(-4% \/ 2 );\"><div class=\"fusion-layout-column fusion_builder_column fusion-builder-column-0 fusion_builder_column_1_1 1_1 fusion-flex-column\" style=\"--awb-bg-size:cover;--awb-width-large:100%;--awb-margin-top-large:0px;--awb-spacing-right-large:1.92%;--awb-margin-bottom-large:20px;--awb-spacing-left-large:1.92%;--awb-width-medium:100%;--awb-order-medium:0;--awb-spacing-right-medium:1.92%;--awb-spacing-left-medium:1.92%;--awb-width-small:100%;--awb-order-small:0;--awb-spacing-right-small:1.92%;--awb-spacing-left-small:1.92%;\"><div class=\"fusion-column-wrapper fusion-column-has-shadow fusion-flex-justify-content-flex-start fusion-content-layout-column\"><div class=\"fusion-text fusion-text-1\" style=\"--awb-margin-left:30px;\"><h1>Programe una consulta gratuita con Liliana L Guarino.<\/h1>\n<\/div>\n<div class=\"wpcf7 no-js\" id=\"wpcf7-f3446-o1\" lang=\"en-US\" dir=\"ltr\" data-wpcf7-id=\"3446\">\n<div class=\"screen-reader-response\"><p role=\"status\" aria-live=\"polite\" aria-atomic=\"true\"><\/p> <ul><\/ul><\/div>\n<form action=\"\/es\/wp-json\/wp\/v2\/pages\/22150#wpcf7-f3446-o1\" method=\"post\" class=\"wpcf7-form init chimpmatic-1.7.3 a0f76de295c5 cmatic-conn cmatic-aud-1 cmatic-mapd0-0 cmatic-v0978 cmatic-pro-v173 cmatic-sent-0 cmatic-total-0\" aria-label=\"Contact form\" novalidate=\"novalidate\" data-status=\"init\">\n<fieldset class=\"hidden-fields-container\"><input type=\"hidden\" name=\"_wpcf7\" value=\"3446\" \/><input type=\"hidden\" name=\"_wpcf7_version\" value=\"6.1.5\" \/><input type=\"hidden\" name=\"_wpcf7_locale\" value=\"en_US\" \/><input type=\"hidden\" name=\"_wpcf7_unit_tag\" value=\"wpcf7-f3446-o1\" \/><input type=\"hidden\" name=\"_wpcf7_container_post\" value=\"0\" \/><input type=\"hidden\" name=\"_wpcf7_posted_data_hash\" value=\"\" \/><input type=\"hidden\" name=\"_wpcf7_recaptcha_response\" value=\"\" \/>\n<\/fieldset>\n<div class=\"wpcf7-turnstile cf-turnstile\" data-sitekey=\"0x4AAAAAAB6M9YCXrFpCDbu9\" data-response-field-name=\"_wpcf7_turnstile_response\"><\/div>\n\n<p>Complete and submit to receive a call to schedule a date and time.<br \/>\n<em>Complete lo siguiente y lo llamaremos para coordinar el d\u00eda y la hora<\/em>\n<\/p>\n<p><label> First Name \/ Primer nombre (required\/informaci\u00f3n requerida)<br \/>\n<span class=\"wpcf7-form-control-wrap\" data-name=\"FNAME\"><input size=\"40\" maxlength=\"400\" class=\"wpcf7-form-control wpcf7-text wpcf7-validates-as-required\" aria-required=\"true\" aria-invalid=\"false\" value=\"\" type=\"text\" name=\"FNAME\" \/><\/span> <\/label>\n<\/p>\n<p><label> Last Name \/ Apellido (required\/informaci\u00f3n requerida)<br \/>\n<span class=\"wpcf7-form-control-wrap\" data-name=\"LNAME\"><input size=\"40\" maxlength=\"400\" class=\"wpcf7-form-control wpcf7-text wpcf7-validates-as-required\" aria-required=\"true\" aria-invalid=\"false\" value=\"\" type=\"text\" name=\"LNAME\" \/><\/span> <\/label>\n<\/p>\n<p><label> Your Email \/ Su direcci\u00f3n de correo electr\u00f3nico (required\/informaci\u00f3n requerida)<br \/>\n<span class=\"wpcf7-form-control-wrap\" data-name=\"email\"><input size=\"40\" maxlength=\"400\" class=\"wpcf7-form-control wpcf7-email wpcf7-validates-as-required wpcf7-text wpcf7-validates-as-email\" aria-required=\"true\" aria-invalid=\"false\" value=\"\" type=\"email\" name=\"email\" \/><\/span> <\/label>\n<\/p>\n<p><label> Your Phone \/ su tel\u00e9fono (required\/informaci\u00f3n requerida)<br \/>\n<span class=\"wpcf7-form-control-wrap\" data-name=\"phone\"><input size=\"40\" maxlength=\"400\" class=\"wpcf7-form-control wpcf7-tel wpcf7-validates-as-required wpcf7-text wpcf7-validates-as-tel\" aria-required=\"true\" aria-invalid=\"false\" value=\"\" type=\"tel\" name=\"phone\" \/><\/span> <\/label>\n<\/p>\n<p>We are scheduling a free consultation by phone, limited to 15 minutes approximately. We will discuss non confidential information related to a family law matter. No attorney-client relationship will exist unless we sign an engagement letter delineating the terms of the representation.\n<\/p>\n<p>By submitting this request you also agree to be added to our mailing list. But do not worry, we never share personal information and you can always unsubscribe yourself.\n<\/p>\n<p><em>Estamos planificando una primera consulta inicial gratis telefonica, de aproximadamente 15 minutos de duraci\u00f3n. Discutiremos asuntos no confidenciales relacionados a un caso de derecho de familia. No se establecer\u00e1 una relaci\u00f3n de abogado-cliente a menos que firmemos un acuerdo delineando los t\u00e9rminos de la representaci\u00f3n.<\/em>\n<\/p>\n<p><em>Al someter este pedido usted acepta que lo agreguemos a nuestra lista de correo. Pero no se preocupe, nunca divulgaremos su informacion personal, y usted se puede borrar de la lista si as\u00ed lo desea.<\/em>\n<\/p>\n<p>Consent: <span class=\"wpcf7-form-control-wrap\" data-name=\"your-consent\"><span class=\"wpcf7-form-control wpcf7-acceptance\"><span class=\"wpcf7-list-item\"><label><input type=\"checkbox\" name=\"your-consent\" value=\"1\" aria-invalid=\"false\" \/><span class=\"wpcf7-list-item-label\">I have read and agree with the disclaimer. By clicking this checkbox, I also agree to receive email and SMS updates from Liliana L. Guarino, P.A. Frequency may vary. Message and data rates may apply. Reply STOP to opt-out or HELP for more information. View our privacy policy at our website (https:\/\/divorceattorneyatweston.com\/privacy-policy\/). <em>He le\u00eddo y estoy de acuerdo con el descargo de responsabilidad. Al hacer clic en esta casilla de verificaci\u00f3n, tambi\u00e9n acepto recibir actualizaciones por correo electr\u00f3nico y SMS de Liliana L. Guarino, P.A. La frecuencia puede variar. Es posible que se apliquen tarifas de mensajes y datos. Responda DETENER para darse de baja o AYUDA para obtener m\u00e1s informaci\u00f3n. Vea nuestra pol\u00edtica de privacidad en nuestro sitio web (https:\/\/divorceattorneyatweston.com\/privacy-policy\/).<\/em><\/span><\/label><\/span><\/span><\/span>\n<\/p>\n<p><input class=\"wpcf7-form-control wpcf7-submit has-spinner\" type=\"submit\" value=\"Request Consultation\" \/>\n<\/p><p style=\"display: none !important;\" class=\"akismet-fields-container\" data-prefix=\"_wpcf7_ak_\"><label>&#916;<textarea name=\"_wpcf7_ak_hp_textarea\" cols=\"45\" rows=\"8\" maxlength=\"100\"><\/textarea><\/label><input type=\"hidden\" id=\"ak_js_1\" name=\"_wpcf7_ak_js\" value=\"213\"\/><script>document.getElementById( \"ak_js_1\" ).setAttribute( \"value\", ( new Date() ).getTime() );<\/script><\/p><div class=\"fusion-alert alert custom alert-custom fusion-alert-center wpcf7-response-output fusion-alert-capitalize awb-alert-native-link-color alert-dismissable awb-alert-close-boxed\" style=\"--awb-border-top-left-radius:0px;--awb-border-top-right-radius:0px;--awb-border-bottom-left-radius:0px;--awb-border-bottom-right-radius:0px;\" role=\"alert\"><div class=\"fusion-alert-content-wrapper\"><span class=\"fusion-alert-content\"><\/span><\/div><button type=\"button\" class=\"close toggle-alert\" data-dismiss=\"alert\" aria-label=\"Close\">&times;<\/button><\/div>\n<\/form>\n<\/div>\n<div class=\"fusion-text fusion-text-2\"><h5 style=\"text-align: center;\"><a href=\"https:\/\/divorceattorneyatweston.com\/es\/politica-de-privacidad\/\" target=\"_blank\" rel=\"noopener\">Consulte nuestra Pol\u00edtica de privacidad.<\/a><\/h5>\n<\/div><\/div><\/div><\/div><\/div>\n","protected":false},"excerpt":{"rendered":"","protected":false},"author":1,"featured_media":0,"parent":0,"menu_order":0,"comment_status":"closed","ping_status":"closed","template":"","meta":{"footnotes":""},"class_list":["post-22150","page","type-page","status-publish","hentry"],"yoast_head":"<!-- This site is optimized with the Yoast SEO plugin v27.0 - https:\/\/yoast.com\/product\/yoast-seo-wordpress\/ -->\n<title>Descargo de responsabilidad de consulta gratuita - Divorce Attorney Weston Florida - Liliana Guarino, P.A.<\/title>\n<meta name=\"robots\" content=\"index, follow, max-snippet:-1, max-image-preview:large, max-video-preview:-1\" \/>\n<link rel=\"canonical\" href=\"https:\/\/divorceattorneyatweston.com\/es\/descargo-de-responsabilidad-de-consulta-gratuita\/\" \/>\n<meta property=\"og:locale\" content=\"es_ES\" \/>\n<meta property=\"og:type\" content=\"article\" \/>\n<meta property=\"og:title\" content=\"Descargo de responsabilidad de consulta gratuita - Divorce Attorney Weston Florida - Liliana Guarino, P.A.\" \/>\n<meta property=\"og:url\" content=\"https:\/\/divorceattorneyatweston.com\/es\/descargo-de-responsabilidad-de-consulta-gratuita\/\" \/>\n<meta property=\"og:site_name\" content=\"Divorce Attorney Weston Florida - Liliana Guarino, P.A.\" \/>\n<meta property=\"article:modified_time\" content=\"2025-09-09T15:47:29+00:00\" \/>\n<meta property=\"og:image\" content=\"https:\/\/divorceattorneyatweston.com\/wp-content\/uploads\/2024\/10\/liliana-l-guarino-profile-2024-H-1.jpg\" \/>\n\t<meta property=\"og:image:width\" content=\"1200\" \/>\n\t<meta property=\"og:image:height\" content=\"734\" \/>\n\t<meta property=\"og:image:type\" content=\"image\/jpeg\" \/>\n<meta name=\"twitter:label1\" content=\"Tiempo de lectura\" \/>\n\t<meta name=\"twitter:data1\" content=\"2 minutos\" \/>\n<script type=\"application\/ld+json\" class=\"yoast-schema-graph\">{\"@context\":\"https:\/\/schema.org\",\"@graph\":[{\"@type\":\"WebPage\",\"@id\":\"https:\/\/divorceattorneyatweston.com\/es\/descargo-de-responsabilidad-de-consulta-gratuita\/\",\"url\":\"https:\/\/divorceattorneyatweston.com\/es\/descargo-de-responsabilidad-de-consulta-gratuita\/\",\"name\":\"Descargo de responsabilidad de consulta gratuita - Divorce Attorney Weston Florida - Liliana Guarino, P.A.\",\"isPartOf\":{\"@id\":\"https:\/\/divorceattorneyatweston.com\/#website\"},\"datePublished\":\"2025-01-10T20:53:26+00:00\",\"dateModified\":\"2025-09-09T15:47:29+00:00\",\"breadcrumb\":{\"@id\":\"https:\/\/divorceattorneyatweston.com\/es\/descargo-de-responsabilidad-de-consulta-gratuita\/#breadcrumb\"},\"inLanguage\":\"es\",\"potentialAction\":[{\"@type\":\"ReadAction\",\"target\":[\"https:\/\/divorceattorneyatweston.com\/es\/descargo-de-responsabilidad-de-consulta-gratuita\/\"]}]},{\"@type\":\"BreadcrumbList\",\"@id\":\"https:\/\/divorceattorneyatweston.com\/es\/descargo-de-responsabilidad-de-consulta-gratuita\/#breadcrumb\",\"itemListElement\":[{\"@type\":\"ListItem\",\"position\":1,\"name\":\"Home\",\"item\":\"https:\/\/divorceattorneyatweston.com\/es\/\"},{\"@type\":\"ListItem\",\"position\":2,\"name\":\"Descargo de responsabilidad de consulta gratuita\"}]},{\"@type\":\"WebSite\",\"@id\":\"https:\/\/divorceattorneyatweston.com\/#website\",\"url\":\"https:\/\/divorceattorneyatweston.com\/\",\"name\":\"Divorce Attorney Weston Florida - Liliana Guarino, P.A.\",\"description\":\"Matrimonial and Family Law\",\"potentialAction\":[{\"@type\":\"SearchAction\",\"target\":{\"@type\":\"EntryPoint\",\"urlTemplate\":\"https:\/\/divorceattorneyatweston.com\/?s={search_term_string}\"},\"query-input\":{\"@type\":\"PropertyValueSpecification\",\"valueRequired\":true,\"valueName\":\"search_term_string\"}}],\"inLanguage\":\"es\"}]}<\/script>\n<!-- \/ Yoast SEO plugin. -->","yoast_head_json":{"title":"Descargo de responsabilidad de consulta gratuita - Divorce Attorney Weston Florida - Liliana Guarino, P.A.","robots":{"index":"index","follow":"follow","max-snippet":"max-snippet:-1","max-image-preview":"max-image-preview:large","max-video-preview":"max-video-preview:-1"},"canonical":"https:\/\/divorceattorneyatweston.com\/es\/descargo-de-responsabilidad-de-consulta-gratuita\/","og_locale":"es_ES","og_type":"article","og_title":"Descargo de responsabilidad de consulta gratuita - Divorce Attorney Weston Florida - Liliana Guarino, P.A.","og_url":"https:\/\/divorceattorneyatweston.com\/es\/descargo-de-responsabilidad-de-consulta-gratuita\/","og_site_name":"Divorce Attorney Weston Florida - Liliana Guarino, P.A.","article_modified_time":"2025-09-09T15:47:29+00:00","og_image":[{"width":1200,"height":734,"url":"https:\/\/divorceattorneyatweston.com\/wp-content\/uploads\/2024\/10\/liliana-l-guarino-profile-2024-H-1.jpg","type":"image\/jpeg"}],"twitter_misc":{"Tiempo de lectura":"2 minutos"},"schema":{"@context":"https:\/\/schema.org","@graph":[{"@type":"WebPage","@id":"https:\/\/divorceattorneyatweston.com\/es\/descargo-de-responsabilidad-de-consulta-gratuita\/","url":"https:\/\/divorceattorneyatweston.com\/es\/descargo-de-responsabilidad-de-consulta-gratuita\/","name":"Descargo de responsabilidad de consulta gratuita - Divorce Attorney Weston Florida - Liliana Guarino, P.A.","isPartOf":{"@id":"https:\/\/divorceattorneyatweston.com\/#website"},"datePublished":"2025-01-10T20:53:26+00:00","dateModified":"2025-09-09T15:47:29+00:00","breadcrumb":{"@id":"https:\/\/divorceattorneyatweston.com\/es\/descargo-de-responsabilidad-de-consulta-gratuita\/#breadcrumb"},"inLanguage":"es","potentialAction":[{"@type":"ReadAction","target":["https:\/\/divorceattorneyatweston.com\/es\/descargo-de-responsabilidad-de-consulta-gratuita\/"]}]},{"@type":"BreadcrumbList","@id":"https:\/\/divorceattorneyatweston.com\/es\/descargo-de-responsabilidad-de-consulta-gratuita\/#breadcrumb","itemListElement":[{"@type":"ListItem","position":1,"name":"Home","item":"https:\/\/divorceattorneyatweston.com\/es\/"},{"@type":"ListItem","position":2,"name":"Descargo de responsabilidad de consulta gratuita"}]},{"@type":"WebSite","@id":"https:\/\/divorceattorneyatweston.com\/#website","url":"https:\/\/divorceattorneyatweston.com\/","name":"Divorce Attorney Weston Florida - Liliana Guarino, P.A.","description":"Matrimonial and Family Law","potentialAction":[{"@type":"SearchAction","target":{"@type":"EntryPoint","urlTemplate":"https:\/\/divorceattorneyatweston.com\/?s={search_term_string}"},"query-input":{"@type":"PropertyValueSpecification","valueRequired":true,"valueName":"search_term_string"}}],"inLanguage":"es"}]}},"jetpack_sharing_enabled":true,"jetpack_shortlink":"https:\/\/wp.me\/P6xNow-5Lg","_links":{"self":[{"href":"https:\/\/divorceattorneyatweston.com\/es\/wp-json\/wp\/v2\/pages\/22150","targetHints":{"allow":["GET"]}}],"collection":[{"href":"https:\/\/divorceattorneyatweston.com\/es\/wp-json\/wp\/v2\/pages"}],"about":[{"href":"https:\/\/divorceattorneyatweston.com\/es\/wp-json\/wp\/v2\/types\/page"}],"author":[{"embeddable":true,"href":"https:\/\/divorceattorneyatweston.com\/es\/wp-json\/wp\/v2\/users\/1"}],"replies":[{"embeddable":true,"href":"https:\/\/divorceattorneyatweston.com\/es\/wp-json\/wp\/v2\/comments?post=22150"}],"version-history":[{"count":9,"href":"https:\/\/divorceattorneyatweston.com\/es\/wp-json\/wp\/v2\/pages\/22150\/revisions"}],"predecessor-version":[{"id":22291,"href":"https:\/\/divorceattorneyatweston.com\/es\/wp-json\/wp\/v2\/pages\/22150\/revisions\/22291"}],"wp:attachment":[{"href":"https:\/\/divorceattorneyatweston.com\/es\/wp-json\/wp\/v2\/media?parent=22150"}],"curies":[{"name":"wp","href":"https:\/\/api.w.org\/{rel}","templated":true}]}}