{"id":2517,"date":"2019-10-29T13:27:02","date_gmt":"2019-10-29T17:27:02","guid":{"rendered":"http:\/\/divorceattorneyatweston.com\/formularios-de-acuerdo-de-conciliacion\/"},"modified":"2019-10-29T22:42:36","modified_gmt":"2019-10-30T02:42:36","slug":"formularios-de-acuerdo-de-conciliacion","status":"publish","type":"page","link":"https:\/\/divorceattorneyatweston.com\/es\/formularios-de-acuerdo-de-conciliacion\/","title":{"rendered":"Formularios de acuerdo de conciliaci\u00f3n"},"content":{"rendered":"<p><div class=\"fusion-fullwidth fullwidth-box fusion-builder-row-1 hundred-percent-fullwidth non-hundred-percent-height-scrolling\" style=\"--awb-background-position:left top;--awb-border-radius-top-left:0px;--awb-border-radius-top-right:0px;--awb-border-radius-bottom-right:0px;--awb-border-radius-bottom-left:0px;--awb-background-color:#ffeca7;--awb-border-sizes-top:0px;--awb-border-sizes-bottom:0px;--awb-flex-wrap:wrap;\" ><div class=\"fusion-builder-row fusion-row\"><div class=\"fusion-layout-column fusion_builder_column fusion-builder-column-0 fusion_builder_column_1_3 1_3 fusion-one-third fusion-column-first\" style=\"--awb-bg-size:cover;--awb-margin-top:6%;\"><div class=\"fusion-column-wrapper fusion-column-has-shadow fusion-flex-column-wrapper-legacy\"><div class=\"fusion-image-element fusion-image-align-center in-legacy-container\" style=\"text-align:center;--awb-caption-title-font-family:var(--h2_typography-font-family);--awb-caption-title-font-weight:var(--h2_typography-font-weight);--awb-caption-title-font-style:var(--h2_typography-font-style);--awb-caption-title-size:var(--h2_typography-font-size);--awb-caption-title-transform:var(--h2_typography-text-transform);--awb-caption-title-line-height:var(--h2_typography-line-height);--awb-caption-title-letter-spacing:var(--h2_typography-letter-spacing);\"><div class=\"imageframe-align-center\"><span class=\" fusion-imageframe imageframe-none imageframe-1 hover-type-none\"><img decoding=\"async\" src=\"http:\/\/divorceattorneyatweston.com\/wp-content\/uploads\/2016\/02\/uncontested-divorce-sp-2-300px.jpg\" alt class=\"img-responsive\"\/><\/span><\/div><\/div><div class=\"fusion-clearfix\"><\/div><\/div><\/div><div class=\"fusion-layout-column fusion_builder_column fusion-builder-column-1 fusion_builder_column_2_3 2_3 fusion-two-third fusion-column-last\" style=\"--awb-padding-top:20px;--awb-padding-right:20px;--awb-padding-bottom:20px;--awb-padding-left:20px;--awb-bg-size:cover;--awb-margin-top:20px;--awb-margin-bottom:10px;\"><div class=\"fusion-column-wrapper fusion-column-has-shadow fusion-flex-column-wrapper-legacy\"><div class=\"fusion-title title fusion-title-1 fusion-sep-none fusion-title-center fusion-title-text fusion-title-size-one\"><h1 class=\"fusion-title-heading title-heading-center\" style=\"margin:0;\"><h1>Divorcio en 30 d\u00edas * con un abogado de divorcio de Florida. \u00a1Comience ahora!<\/h1>\n<p>Descargue el formulario de Acuerdo de Divorcio, completelo y traigalo con usted a la entrevista con Liliana.<\/p>\n<h2>Haga clic en el bot\u00f3n de abajo para comenzar la descarga.<\/h2><\/h1><\/div><div class=\"fusion-builder-row fusion-builder-row-inner fusion-row\"><div class=\"fusion-layout-column fusion_builder_column_inner fusion-builder-nested-column-0 fusion_builder_column_inner_1_2 1_2 fusion-one-half fusion-column-first\" style=\"--awb-bg-size:cover;width:50%;width:calc(50% - ( ( 4% ) * 0.5 ) );margin-right: 4%;\"><div class=\"fusion-column-wrapper fusion-column-has-shadow fusion-flex-column-wrapper-legacy\"><div class=\"fusion-button-wrapper\"><a class=\"fusion-button button-flat fusion-button-default-size button-default fusion-button-default button-1 fusion-button-default-span fusion-button-default-type\" target=\"_self\" href=\"\/wp-content\/uploads\/2019\/10\/Marital-Settlement-Agreement-without-Children.pdf\"><span class=\"fusion-button-text awb-button__text awb-button__text--default\">Acuerdo de Divorcio sin Hijos<\/span><\/a><\/div><div class=\"fusion-clearfix\"><\/div><\/div><\/div><div class=\"fusion-layout-column fusion_builder_column_inner fusion-builder-nested-column-1 fusion_builder_column_inner_1_2 1_2 fusion-one-half fusion-column-last\" style=\"--awb-bg-size:cover;width:50%;width:calc(50% - ( ( 4% ) * 0.5 ) );\"><div class=\"fusion-column-wrapper fusion-column-has-shadow fusion-flex-column-wrapper-legacy\"><div class=\"fusion-button-wrapper\"><a class=\"fusion-button button-flat fusion-button-default-size button-default fusion-button-default button-2 fusion-button-default-span fusion-button-default-type\" target=\"_self\" href=\"\/wp-content\/uploads\/2019\/10\/Marital-Settlement-Agreement-with-Children.pdf\"><span class=\"fusion-button-text awb-button__text awb-button__text--default\">Acuerdo de Divorcio con Hijos<\/span><\/a><\/div><div class=\"fusion-clearfix\"><\/div><\/div><\/div><\/div><div class=\"fusion-clearfix\"><\/div><\/div><\/div><\/div><\/div><div class=\"fusion-fullwidth fullwidth-box fusion-builder-row-2 nonhundred-percent-fullwidth non-hundred-percent-height-scrolling\" style=\"--awb-background-position:left top;--awb-border-radius-top-left:0px;--awb-border-radius-top-right:0px;--awb-border-radius-bottom-right:0px;--awb-border-radius-bottom-left:0px;--awb-padding-top:0px;--awb-padding-right:10px;--awb-padding-bottom:0px;--awb-padding-left:10px;--awb-margin-top:0px;--awb-margin-bottom:0px;--awb-background-color:#ffeca7;--awb-border-sizes-top:0px;--awb-border-sizes-bottom:0px;--awb-flex-wrap:wrap;\" ><div class=\"fusion-builder-row fusion-row\"><div class=\"fusion-layout-column fusion_builder_column fusion-builder-column-2 fusion_builder_column_1_1 1_1 fusion-one-full fusion-column-first fusion-column-last fusion-column-no-min-height\" style=\"--awb-padding-right:20px;--awb-padding-left:20px;--awb-bg-size:cover;--awb-margin-bottom:0px;\"><div class=\"fusion-column-wrapper fusion-column-has-shadow fusion-flex-column-wrapper-legacy\"><div class=\"fusion-text fusion-text-1\"><p><strong> * Tenga en cuenta: <\/strong> Debido a la programaci\u00f3n de la corte, el per\u00edodo de tiempo de 30 d\u00edas es aproximado y est\u00e1 sujeto a cambios sin previo aviso. La calificacion para el servicio de divorcio de 30 dias y sin litigio, es a la discrecion de Liliana L. Guarino. Se debe presentar un formulario de Acuerdo de conciliaci\u00f3n matrimonial completamente completado en la reuni\u00f3n inicial con el abogado.<\/p>\n<\/div><div class=\"fusion-clearfix\"><\/div><\/div><\/div><\/div><\/div><div class=\"fusion-fullwidth fullwidth-box fusion-builder-row-3 nonhundred-percent-fullwidth non-hundred-percent-height-scrolling\" style=\"--awb-background-position:left top;--awb-border-radius-top-left:0px;--awb-border-radius-top-right:0px;--awb-border-radius-bottom-right:0px;--awb-border-radius-bottom-left:0px;--awb-padding-top:0px;--awb-padding-bottom:20px;--awb-border-sizes-top:0px;--awb-border-sizes-bottom:0px;--awb-flex-wrap:wrap;\" ><div class=\"fusion-builder-row fusion-row\"><div class=\"fusion-layout-column fusion_builder_column fusion-builder-column-3 fusion_builder_column_1_1 1_1 fusion-one-full fusion-column-first fusion-column-last fusion-column-no-min-height\" style=\"--awb-bg-size:cover;--awb-margin-bottom:0px;\"><div class=\"fusion-column-wrapper fusion-flex-column-wrapper-legacy\"><div class=\"fusion-reading-box-container reading-box-container-1\" style=\"--awb-title-color:#3054ad;--awb-margin-top:0px;--awb-margin-bottom:60px;\"><div class=\"reading-box reading-box-center\" style=\"background-color:#ffeca7;border-width:1px;border-color:#f6f6f6;border-style:solid;\"><h2>Trabaje con un abogado licenciado en la Florida. \u00a1Llame al (954) 389-3337 para programar su consulta gratuita hoy!<\/h2><\/div><svg style=\"opacity:0.70;\" xmlns=\"http:\/\/www.w3.org\/2000\/svg\" version=\"1.1\" width=\"100%\" viewBox=\"0 0 600 28\" preserveAspectRatio=\"none\"><g clip-path=\"url(#a)\"><mask id=\"b\" style=\"mask-type:luminance\" maskUnits=\"userSpaceOnUse\" x=\"0\" y=\"0\" width=\"600\" height=\"28\"><path d=\"M0 0h600v28H0V0Z\" fill=\"#fff\"\/><\/mask><g filter=\"url(#c)\" mask=\"url(#b)\"><path d=\"M16.439-18.667h567.123v30.8S438.961-8.4 300-8.4C161.04-8.4 16.438 12.133 16.438 12.133v-30.8Z\" fill=\"#000\"\/><\/g><\/g><defs><clipPath id=\"a\"><path fill=\"#fff\" d=\"M0 0h600v28H0z\"\/><\/clipPath><filter id=\"c\" x=\"5.438\" y=\"-29.667\" width=\"589.123\" height=\"52.8\" filterUnits=\"userSpaceOnUse\" color-interpolation-filters=\"sRGB\"><feFlood flood-opacity=\"0\" result=\"BackgroundImageFix\"\/><feBlend in=\"SourceGraphic\" in2=\"BackgroundImageFix\" result=\"shape\"\/><feGaussianBlur stdDeviation=\"5.5\" result=\"effect1_foregroundBlur_3983_183\"\/><\/filter><\/defs><\/svg><\/div><div class=\"fusion-clearfix\"><\/div><\/div><\/div><\/div><\/div><\/p>\n","protected":false},"excerpt":{"rendered":"","protected":false},"author":2,"featured_media":2259,"parent":0,"menu_order":0,"comment_status":"closed","ping_status":"closed","template":"","meta":{"footnotes":""},"class_list":["post-2517","page","type-page","status-publish","has-post-thumbnail","hentry"],"yoast_head":"<!-- This site is optimized with the Yoast SEO plugin v27.0 - https:\/\/yoast.com\/product\/yoast-seo-wordpress\/ -->\n<title>Formularios de acuerdo de conciliaci\u00f3n - Divorce Attorney Weston Florida - Liliana Guarino, P.A.<\/title>\n<meta name=\"robots\" content=\"index, follow, max-snippet:-1, max-image-preview:large, max-video-preview:-1\" \/>\n<link rel=\"canonical\" href=\"https:\/\/divorceattorneyatweston.com\/marital-settlement-agreement-forms\/\" \/>\n<meta property=\"og:locale\" content=\"es_ES\" \/>\n<meta property=\"og:type\" content=\"article\" \/>\n<meta property=\"og:title\" content=\"Formularios de acuerdo de conciliaci\u00f3n - Divorce Attorney Weston Florida - Liliana Guarino, P.A.\" \/>\n<meta property=\"og:url\" content=\"https:\/\/divorceattorneyatweston.com\/marital-settlement-agreement-forms\/\" \/>\n<meta property=\"og:site_name\" content=\"Divorce Attorney Weston Florida - Liliana Guarino, P.A.\" \/>\n<meta property=\"article:modified_time\" content=\"2019-10-30T02:42:36+00:00\" \/>\n<meta property=\"og:image\" content=\"https:\/\/divorceattorneyatweston.com\/wp-content\/uploads\/2016\/01\/uncontested-divorce-4-300px.jpg\" \/>\n\t<meta property=\"og:image:width\" content=\"300\" \/>\n\t<meta property=\"og:image:height\" content=\"300\" \/>\n\t<meta property=\"og:image:type\" content=\"image\/jpeg\" \/>\n<meta name=\"twitter:label1\" content=\"Tiempo de lectura\" \/>\n\t<meta name=\"twitter:data1\" content=\"9 minutos\" \/>\n<script type=\"application\/ld+json\" class=\"yoast-schema-graph\">{\"@context\":\"https:\/\/schema.org\",\"@graph\":[{\"@type\":\"WebPage\",\"@id\":\"https:\/\/divorceattorneyatweston.com\/marital-settlement-agreement-forms\/\",\"url\":\"https:\/\/divorceattorneyatweston.com\/marital-settlement-agreement-forms\/\",\"name\":\"Formularios de acuerdo de conciliaci\u00f3n - Divorce Attorney Weston Florida - Liliana Guarino, P.A.\",\"isPartOf\":{\"@id\":\"https:\/\/divorceattorneyatweston.com\/#website\"},\"primaryImageOfPage\":{\"@id\":\"https:\/\/divorceattorneyatweston.com\/marital-settlement-agreement-forms\/#primaryimage\"},\"image\":{\"@id\":\"https:\/\/divorceattorneyatweston.com\/marital-settlement-agreement-forms\/#primaryimage\"},\"thumbnailUrl\":\"https:\/\/divorceattorneyatweston.com\/wp-content\/uploads\/2016\/01\/uncontested-divorce-4-300px.jpg\",\"datePublished\":\"2019-10-29T17:27:02+00:00\",\"dateModified\":\"2019-10-30T02:42:36+00:00\",\"breadcrumb\":{\"@id\":\"https:\/\/divorceattorneyatweston.com\/marital-settlement-agreement-forms\/#breadcrumb\"},\"inLanguage\":\"es\",\"potentialAction\":[{\"@type\":\"ReadAction\",\"target\":[\"https:\/\/divorceattorneyatweston.com\/marital-settlement-agreement-forms\/\"]}]},{\"@type\":\"ImageObject\",\"inLanguage\":\"es\",\"@id\":\"https:\/\/divorceattorneyatweston.com\/marital-settlement-agreement-forms\/#primaryimage\",\"url\":\"https:\/\/divorceattorneyatweston.com\/wp-content\/uploads\/2016\/01\/uncontested-divorce-4-300px.jpg\",\"contentUrl\":\"https:\/\/divorceattorneyatweston.com\/wp-content\/uploads\/2016\/01\/uncontested-divorce-4-300px.jpg\",\"width\":300,\"height\":300},{\"@type\":\"BreadcrumbList\",\"@id\":\"https:\/\/divorceattorneyatweston.com\/marital-settlement-agreement-forms\/#breadcrumb\",\"itemListElement\":[{\"@type\":\"ListItem\",\"position\":1,\"name\":\"Home\",\"item\":\"https:\/\/divorceattorneyatweston.com\/es\/\"},{\"@type\":\"ListItem\",\"position\":2,\"name\":\"Formularios de acuerdo de conciliaci\u00f3n\"}]},{\"@type\":\"WebSite\",\"@id\":\"https:\/\/divorceattorneyatweston.com\/#website\",\"url\":\"https:\/\/divorceattorneyatweston.com\/\",\"name\":\"Divorce Attorney Weston Florida - Liliana Guarino, P.A.\",\"description\":\"Matrimonial and Family Law\",\"potentialAction\":[{\"@type\":\"SearchAction\",\"target\":{\"@type\":\"EntryPoint\",\"urlTemplate\":\"https:\/\/divorceattorneyatweston.com\/?s={search_term_string}\"},\"query-input\":{\"@type\":\"PropertyValueSpecification\",\"valueRequired\":true,\"valueName\":\"search_term_string\"}}],\"inLanguage\":\"es\"}]}<\/script>\n<!-- \/ Yoast SEO plugin. -->","yoast_head_json":{"title":"Formularios de acuerdo de conciliaci\u00f3n - Divorce Attorney Weston Florida - Liliana Guarino, P.A.","robots":{"index":"index","follow":"follow","max-snippet":"max-snippet:-1","max-image-preview":"max-image-preview:large","max-video-preview":"max-video-preview:-1"},"canonical":"https:\/\/divorceattorneyatweston.com\/marital-settlement-agreement-forms\/","og_locale":"es_ES","og_type":"article","og_title":"Formularios de acuerdo de conciliaci\u00f3n - Divorce Attorney Weston Florida - Liliana Guarino, P.A.","og_url":"https:\/\/divorceattorneyatweston.com\/marital-settlement-agreement-forms\/","og_site_name":"Divorce Attorney Weston Florida - Liliana Guarino, P.A.","article_modified_time":"2019-10-30T02:42:36+00:00","og_image":[{"width":300,"height":300,"url":"https:\/\/divorceattorneyatweston.com\/wp-content\/uploads\/2016\/01\/uncontested-divorce-4-300px.jpg","type":"image\/jpeg"}],"twitter_misc":{"Tiempo de lectura":"9 minutos"},"schema":{"@context":"https:\/\/schema.org","@graph":[{"@type":"WebPage","@id":"https:\/\/divorceattorneyatweston.com\/marital-settlement-agreement-forms\/","url":"https:\/\/divorceattorneyatweston.com\/marital-settlement-agreement-forms\/","name":"Formularios de acuerdo de conciliaci\u00f3n - Divorce Attorney Weston Florida - Liliana Guarino, P.A.","isPartOf":{"@id":"https:\/\/divorceattorneyatweston.com\/#website"},"primaryImageOfPage":{"@id":"https:\/\/divorceattorneyatweston.com\/marital-settlement-agreement-forms\/#primaryimage"},"image":{"@id":"https:\/\/divorceattorneyatweston.com\/marital-settlement-agreement-forms\/#primaryimage"},"thumbnailUrl":"https:\/\/divorceattorneyatweston.com\/wp-content\/uploads\/2016\/01\/uncontested-divorce-4-300px.jpg","datePublished":"2019-10-29T17:27:02+00:00","dateModified":"2019-10-30T02:42:36+00:00","breadcrumb":{"@id":"https:\/\/divorceattorneyatweston.com\/marital-settlement-agreement-forms\/#breadcrumb"},"inLanguage":"es","potentialAction":[{"@type":"ReadAction","target":["https:\/\/divorceattorneyatweston.com\/marital-settlement-agreement-forms\/"]}]},{"@type":"ImageObject","inLanguage":"es","@id":"https:\/\/divorceattorneyatweston.com\/marital-settlement-agreement-forms\/#primaryimage","url":"https:\/\/divorceattorneyatweston.com\/wp-content\/uploads\/2016\/01\/uncontested-divorce-4-300px.jpg","contentUrl":"https:\/\/divorceattorneyatweston.com\/wp-content\/uploads\/2016\/01\/uncontested-divorce-4-300px.jpg","width":300,"height":300},{"@type":"BreadcrumbList","@id":"https:\/\/divorceattorneyatweston.com\/marital-settlement-agreement-forms\/#breadcrumb","itemListElement":[{"@type":"ListItem","position":1,"name":"Home","item":"https:\/\/divorceattorneyatweston.com\/es\/"},{"@type":"ListItem","position":2,"name":"Formularios de acuerdo de conciliaci\u00f3n"}]},{"@type":"WebSite","@id":"https:\/\/divorceattorneyatweston.com\/#website","url":"https:\/\/divorceattorneyatweston.com\/","name":"Divorce Attorney Weston Florida - Liliana Guarino, P.A.","description":"Matrimonial and Family Law","potentialAction":[{"@type":"SearchAction","target":{"@type":"EntryPoint","urlTemplate":"https:\/\/divorceattorneyatweston.com\/?s={search_term_string}"},"query-input":{"@type":"PropertyValueSpecification","valueRequired":true,"valueName":"search_term_string"}}],"inLanguage":"es"}]}},"jetpack_sharing_enabled":true,"jetpack_shortlink":"https:\/\/wp.me\/P6xNow-EB","_links":{"self":[{"href":"https:\/\/divorceattorneyatweston.com\/es\/wp-json\/wp\/v2\/pages\/2517","targetHints":{"allow":["GET"]}}],"collection":[{"href":"https:\/\/divorceattorneyatweston.com\/es\/wp-json\/wp\/v2\/pages"}],"about":[{"href":"https:\/\/divorceattorneyatweston.com\/es\/wp-json\/wp\/v2\/types\/page"}],"author":[{"embeddable":true,"href":"https:\/\/divorceattorneyatweston.com\/es\/wp-json\/wp\/v2\/users\/2"}],"replies":[{"embeddable":true,"href":"https:\/\/divorceattorneyatweston.com\/es\/wp-json\/wp\/v2\/comments?post=2517"}],"version-history":[{"count":5,"href":"https:\/\/divorceattorneyatweston.com\/es\/wp-json\/wp\/v2\/pages\/2517\/revisions"}],"predecessor-version":[{"id":2530,"href":"https:\/\/divorceattorneyatweston.com\/es\/wp-json\/wp\/v2\/pages\/2517\/revisions\/2530"}],"wp:featuredmedia":[{"embeddable":true,"href":"https:\/\/divorceattorneyatweston.com\/es\/wp-json\/wp\/v2\/media\/2259"}],"wp:attachment":[{"href":"https:\/\/divorceattorneyatweston.com\/es\/wp-json\/wp\/v2\/media?parent=2517"}],"curies":[{"name":"wp","href":"https:\/\/api.w.org\/{rel}","templated":true}]}}