{"id":300,"date":"2014-09-24T17:03:43","date_gmt":"2014-09-24T21:03:43","guid":{"rendered":"http:\/\/divorceattorneyatweston.com\/?page_id=300"},"modified":"2026-04-16T16:57:38","modified_gmt":"2026-04-16T20:57:38","slug":"contacto","status":"publish","type":"page","link":"https:\/\/divorceattorneyatweston.com\/es\/contacto\/","title":{"rendered":"Contacto \/ Ubicaci\u00f3n"},"content":{"rendered":"<p><div class=\"fusion-fullwidth fullwidth-box fusion-builder-row-1 fusion-flex-container has-pattern-background has-mask-background nonhundred-percent-fullwidth non-hundred-percent-height-scrolling\" style=\"--awb-border-radius-top-left:0px;--awb-border-radius-top-right:0px;--awb-border-radius-bottom-right:0px;--awb-border-radius-bottom-left:0px;--awb-margin-top:15px;--awb-margin-bottom:15px;--awb-flex-wrap:wrap;\" ><div class=\"fusion-builder-row fusion-row fusion-flex-align-items-flex-start fusion-flex-content-wrap\" style=\"max-width:1144px;margin-left: calc(-4% \/ 2 );margin-right: calc(-4% \/ 2 );\"><div class=\"fusion-layout-column fusion_builder_column fusion-builder-column-0 fusion_builder_column_1_2 1_2 fusion-flex-column\" style=\"--awb-bg-size:cover;--awb-width-large:50%;--awb-margin-top-large:0px;--awb-spacing-right-large:3.84%;--awb-margin-bottom-large:20px;--awb-spacing-left-large:3.84%;--awb-width-medium:100%;--awb-order-medium:0;--awb-spacing-right-medium:1.92%;--awb-spacing-left-medium:1.92%;--awb-width-small:100%;--awb-order-small:0;--awb-spacing-right-small:1.92%;--awb-spacing-left-small:1.92%;\"><div class=\"fusion-column-wrapper fusion-column-has-shadow fusion-flex-justify-content-flex-start fusion-content-layout-column\"><div class=\"fusion-image-element \" style=\"--awb-caption-title-font-family:var(--h2_typography-font-family);--awb-caption-title-font-weight:var(--h2_typography-font-weight);--awb-caption-title-font-style:var(--h2_typography-font-style);--awb-caption-title-size:var(--h2_typography-font-size);--awb-caption-title-transform:var(--h2_typography-text-transform);--awb-caption-title-line-height:var(--h2_typography-line-height);--awb-caption-title-letter-spacing:var(--h2_typography-letter-spacing);\"><span class=\" fusion-imageframe imageframe-none imageframe-1 hover-type-none\"><img decoding=\"async\" width=\"300\" height=\"300\" title=\"liliana-l-guarino-profile-close-2024-1000\" src=\"https:\/\/divorceattorneyatweston.com\/wp-content\/uploads\/2024\/10\/liliana-l-guarino-profile-close-2024-1000-2-300x300.jpg\" alt class=\"img-responsive wp-image-12254\" srcset=\"https:\/\/divorceattorneyatweston.com\/wp-content\/uploads\/2024\/10\/liliana-l-guarino-profile-close-2024-1000-2-200x200.jpg 200w, https:\/\/divorceattorneyatweston.com\/wp-content\/uploads\/2024\/10\/liliana-l-guarino-profile-close-2024-1000-2-400x400.jpg 400w, https:\/\/divorceattorneyatweston.com\/wp-content\/uploads\/2024\/10\/liliana-l-guarino-profile-close-2024-1000-2-600x600.jpg 600w, https:\/\/divorceattorneyatweston.com\/wp-content\/uploads\/2024\/10\/liliana-l-guarino-profile-close-2024-1000-2-800x800.jpg 800w, https:\/\/divorceattorneyatweston.com\/wp-content\/uploads\/2024\/10\/liliana-l-guarino-profile-close-2024-1000-2.jpg 1000w\" sizes=\"(max-width: 1024px) 100vw, (max-width: 640px) 100vw, 600px\" \/><\/span><\/div><\/div><\/div><\/div><\/div><div class=\"fusion-fullwidth fullwidth-box fusion-builder-row-2 fusion-flex-container has-pattern-background has-mask-background nonhundred-percent-fullwidth non-hundred-percent-height-scrolling\" style=\"--awb-border-radius-top-left:0px;--awb-border-radius-top-right:0px;--awb-border-radius-bottom-right:0px;--awb-border-radius-bottom-left:0px;--awb-padding-right:40px;--awb-padding-left:40px;--awb-background-color:#cce4fc;--awb-flex-wrap:wrap;\" ><div class=\"fusion-builder-row fusion-row fusion-flex-align-items-center fusion-flex-content-wrap\" style=\"max-width:1144px;margin-left: calc(-4% \/ 2 );margin-right: calc(-4% \/ 2 );\"><div class=\"fusion-layout-column fusion_builder_column fusion-builder-column-1 fusion_builder_column_3_4 3_4 fusion-flex-column fusion-flex-align-self-center\" style=\"--awb-bg-size:cover;--awb-width-large:75%;--awb-margin-top-large:0px;--awb-spacing-right-large:2.56%;--awb-margin-bottom-large:0px;--awb-spacing-left-large:2.56%;--awb-width-medium:100%;--awb-order-medium:0;--awb-spacing-right-medium:1.92%;--awb-spacing-left-medium:1.92%;--awb-width-small:100%;--awb-order-small:0;--awb-spacing-right-small:1.92%;--awb-spacing-left-small:1.92%;\"><div class=\"fusion-column-wrapper fusion-column-has-shadow fusion-flex-justify-content-center fusion-content-layout-column\"><div class=\"fusion-text fusion-text-1\" style=\"--awb-text-transform:none;\"><h1>Agenda una consulta personal con Liliana<\/h1>\n<\/div><\/div><\/div><div class=\"fusion-layout-column fusion_builder_column fusion-builder-column-2 fusion_builder_column_1_4 1_4 fusion-flex-column fusion-flex-align-self-center\" style=\"--awb-padding-top:20px;--awb-padding-bottom:20px;--awb-padding-left:0px;--awb-bg-size:cover;--awb-width-large:25%;--awb-margin-top-large:0px;--awb-spacing-right-large:0px;--awb-margin-bottom-large:0px;--awb-spacing-left-large:0px;--awb-width-medium:100%;--awb-order-medium:0;--awb-spacing-right-medium:1.92%;--awb-spacing-left-medium:1.92%;--awb-width-small:100%;--awb-order-small:0;--awb-spacing-right-small:1.92%;--awb-spacing-left-small:1.92%;\"><div class=\"fusion-column-wrapper fusion-column-has-shadow fusion-flex-justify-content-space-evenly fusion-content-layout-column\"><div style=\"text-align:center;\"><a class=\"fusion-button button-flat button-xlarge button-default fusion-button-default button-1 fusion-button-default-span fusion-button-default-type\" target=\"_self\" href=\"https:\/\/divorceattorneyatweston.com\/es\/descargo-de-responsabilidad-de-consulta-gratuita\/\"><span class=\"fusion-button-text awb-button__text awb-button__text--default\">SOLICITAR CONSULTA<\/span><\/a><\/div><\/div><\/div><\/div><\/div>\n<div class=\"fusion-fullwidth fullwidth-box fusion-builder-row-3 has-pattern-background has-mask-background nonhundred-percent-fullwidth non-hundred-percent-height-scrolling\" style=\"--awb-border-radius-top-left:0px;--awb-border-radius-top-right:0px;--awb-border-radius-bottom-right:0px;--awb-border-radius-bottom-left:0px;--awb-margin-top:30px;--awb-flex-wrap:wrap;\" ><div class=\"fusion-builder-row fusion-row\"><div class=\"fusion-layout-column fusion_builder_column fusion-builder-column-3 fusion_builder_column_1_1 1_1 fusion-one-full fusion-column-first fusion-column-last\" style=\"--awb-bg-size:cover;--awb-margin-bottom:0px;\"><div class=\"fusion-column-wrapper fusion-column-has-shadow fusion-flex-column-wrapper-legacy\"><div class=\"fusion-column-content-centered\"><div class=\"fusion-column-content\"><div class=\"fusion-text fusion-text-2\"><h1>Direcciones<\/h1>\n<p>Liliana L Guarino P.A. se encuentra en el edificio Lakeside Executive Suites.<\/p>\n<p>Desde la carretera interestatal 75, tome la salida 15 hacia Royal Palm Boulevard. Dir\u00edjase hacia el oeste en Royal Palm Blvd. hasta Weston Road (ser\u00e1 el primer sem\u00e1foro). Use el segundo carril desde la izquierda para girar a la izquierda en Weston Rd. Entre en el carril de la extrema derecha.<\/p>\n<p>La primera calle (antes del sem\u00e1foro) es Executive Park Drive. Gire a la derecha en Executive Park Drive y contin\u00fae hasta el final. Lakeside Executive Suites se encuentra al final de Executive Park Drive. Hay mucho estacionamiento gratuito. Ingrese al edificio principal y anunciese con la recepcionista.<\/p>\n<\/div><div class=\"fusion-sep-clear\"><\/div><div class=\"fusion-separator fusion-full-width-sep\" style=\"margin-left: auto;margin-right: auto;margin-top:4%;width:100%;\"><\/div><div class=\"fusion-sep-clear\"><\/div><div class=\"hide-on-mobile\"><iframe src=\"https:\/\/www.google.com\/maps\/embed?pb=!1m18!1m12!1m3!1d3583.3970650541155!2d-80.37645384893008!3d26.085954183409537!2m3!1f0!2f0!3f0!3m2!1i1024!2i768!4f13.1!3m3!1m2!1s0x88d9a0afd2d04d51%3A0x22370e37162c8bc2!2sLakeside%20Executive%20Suites%20-%20Coworking%20Office%20Space%20Weston!5e0!3m2!1sen!2sus!4v1627065765957!5m2!1sen!2sus\" width=\"765\" height=\"525\" style=\"border:0;\" allowfullscreen=\"\" loading=\"lazy\"><\/iframe><\/div><\/div><\/div><div class=\"fusion-clearfix\"><\/div><\/div><\/div><\/div><\/div><div class=\"fusion-fullwidth fullwidth-box fusion-builder-row-4 nonhundred-percent-fullwidth non-hundred-percent-height-scrolling fusion-equal-height-columns\" style=\"--awb-border-radius-top-left:0px;--awb-border-radius-top-right:0px;--awb-border-radius-bottom-right:0px;--awb-border-radius-bottom-left:0px;--awb-flex-wrap:wrap;\" ><div class=\"fusion-builder-row fusion-row\"><div class=\"fusion-layout-column fusion_builder_column fusion-builder-column-4 fusion_builder_column_1_1 1_1 fusion-one-full fusion-column-first fusion-column-last\" style=\"--awb-bg-blend:overlay;--awb-bg-size:cover;--awb-margin-bottom:0px;\"><div class=\"fusion-column-wrapper fusion-flex-column-wrapper-legacy\"><div class=\"fusion-sep-clear\"><\/div><div class=\"fusion-separator fusion-full-width-sep\" style=\"margin-left: auto;margin-right: auto;margin-top:20px;margin-bottom:20px;width:100%;\"><\/div><div class=\"fusion-sep-clear\"><\/div><div class=\"fusion-builder-row fusion-builder-row-inner fusion-row\"><div class=\"fusion-layout-column fusion_builder_column_inner fusion-builder-nested-column-0 fusion_builder_column_inner_1_2 1_2 fusion-one-half fusion-column-first\" style=\"--awb-bg-size:cover;width:50%;width:calc(50% - ( ( 4% ) * 0.5 ) );margin-right: 4%;\"><div class=\"fusion-column-wrapper fusion-column-has-shadow fusion-flex-column-wrapper-legacy\"><div class=\"fusion-image-element in-legacy-container\" style=\"--awb-caption-title-font-family:var(--h2_typography-font-family);--awb-caption-title-font-weight:var(--h2_typography-font-weight);--awb-caption-title-font-style:var(--h2_typography-font-style);--awb-caption-title-size:var(--h2_typography-font-size);--awb-caption-title-transform:var(--h2_typography-text-transform);--awb-caption-title-line-height:var(--h2_typography-line-height);--awb-caption-title-letter-spacing:var(--h2_typography-letter-spacing);\"><span class=\" fusion-imageframe imageframe-none imageframe-2 hover-type-none\"><img decoding=\"async\" width=\"1200\" height=\"792\" title=\"Lakeside-Executive-Suites-exterior\" src=\"https:\/\/divorceattorneyatweston.com\/wp-content\/uploads\/2021\/07\/Lakeside-Executive-Suites-exterior.jpg\" alt class=\"img-responsive wp-image-3609\" srcset=\"https:\/\/divorceattorneyatweston.com\/wp-content\/uploads\/2021\/07\/Lakeside-Executive-Suites-exterior-200x132.jpg 200w, https:\/\/divorceattorneyatweston.com\/wp-content\/uploads\/2021\/07\/Lakeside-Executive-Suites-exterior-400x264.jpg 400w, https:\/\/divorceattorneyatweston.com\/wp-content\/uploads\/2021\/07\/Lakeside-Executive-Suites-exterior-600x396.jpg 600w, https:\/\/divorceattorneyatweston.com\/wp-content\/uploads\/2021\/07\/Lakeside-Executive-Suites-exterior-800x528.jpg 800w, https:\/\/divorceattorneyatweston.com\/wp-content\/uploads\/2021\/07\/Lakeside-Executive-Suites-exterior.jpg 1200w\" sizes=\"(max-width: 800px) 100vw, 600px\" \/><\/span><\/div><div class=\"fusion-clearfix\"><\/div><\/div><\/div><div class=\"fusion-layout-column fusion_builder_column_inner fusion-builder-nested-column-1 fusion_builder_column_inner_1_2 1_2 fusion-one-half fusion-column-last\" style=\"--awb-bg-size:cover;width:50%;width:calc(50% - ( ( 4% ) * 0.5 ) );\"><div class=\"fusion-column-wrapper fusion-column-has-shadow fusion-flex-column-wrapper-legacy\"><div class=\"fusion-image-element in-legacy-container\" style=\"--awb-caption-title-font-family:var(--h2_typography-font-family);--awb-caption-title-font-weight:var(--h2_typography-font-weight);--awb-caption-title-font-style:var(--h2_typography-font-style);--awb-caption-title-size:var(--h2_typography-font-size);--awb-caption-title-transform:var(--h2_typography-text-transform);--awb-caption-title-line-height:var(--h2_typography-line-height);--awb-caption-title-letter-spacing:var(--h2_typography-letter-spacing);\"><span class=\" fusion-imageframe imageframe-none imageframe-3 hover-type-none\"><img decoding=\"async\" width=\"1200\" height=\"792\" title=\"Lakeside-Executive-Suites-lobby\" src=\"https:\/\/divorceattorneyatweston.com\/wp-content\/uploads\/2021\/07\/Lakeside-Executive-Suites-lobby.jpg\" alt class=\"img-responsive wp-image-3611\" srcset=\"https:\/\/divorceattorneyatweston.com\/wp-content\/uploads\/2021\/07\/Lakeside-Executive-Suites-lobby-200x132.jpg 200w, https:\/\/divorceattorneyatweston.com\/wp-content\/uploads\/2021\/07\/Lakeside-Executive-Suites-lobby-400x264.jpg 400w, https:\/\/divorceattorneyatweston.com\/wp-content\/uploads\/2021\/07\/Lakeside-Executive-Suites-lobby-600x396.jpg 600w, https:\/\/divorceattorneyatweston.com\/wp-content\/uploads\/2021\/07\/Lakeside-Executive-Suites-lobby-800x528.jpg 800w, https:\/\/divorceattorneyatweston.com\/wp-content\/uploads\/2021\/07\/Lakeside-Executive-Suites-lobby.jpg 1200w\" sizes=\"(max-width: 800px) 100vw, 600px\" \/><\/span><\/div><div class=\"fusion-clearfix\"><\/div><\/div><\/div><\/div><div class=\"fusion-text fusion-text-3\"><h2>Direcci\u00f3n:<\/h2>\n<p>2645 Executive Park Dr. Suite 151, Weston, FL, Estados Unidos, 33331<\/p>\n<h2>Tel\u00e9fono:<\/h2>\n<p>954-389-3337<\/p>\n<\/div><div class=\"fusion-clearfix\"><\/div><\/div><\/div><\/div><\/div><\/p>\n","protected":false},"excerpt":{"rendered":"","protected":false},"author":1,"featured_media":0,"parent":0,"menu_order":0,"comment_status":"open","ping_status":"open","template":"","meta":{"footnotes":""},"class_list":["post-300","page","type-page","status-publish","hentry"],"yoast_head":"<!-- This site is optimized with the Yoast SEO plugin v27.4 - https:\/\/yoast.com\/product\/yoast-seo-wordpress\/ -->\n<title>Contacto \/ Ubicaci\u00f3n - Divorce Attorney Weston Florida - Liliana Guarino, P.A.<\/title>\n<meta name=\"description\" content=\"P\u00f3ngase en contacto con Liliana por correo electr\u00f3nico, tel\u00e9fono o visite nuestra ubicaci\u00f3n en Weston dentro del edificio de The Lakeside Executive Suites. Ubicado en Weston Road al oeste de la I-75.\" \/>\n<meta name=\"robots\" content=\"index, follow, max-snippet:-1, max-image-preview:large, max-video-preview:-1\" \/>\n<link rel=\"canonical\" href=\"https:\/\/divorceattorneyatweston.com\/es\/contacto\/\" \/>\n<meta property=\"og:locale\" content=\"es_ES\" \/>\n<meta property=\"og:type\" content=\"article\" \/>\n<meta property=\"og:title\" content=\"Contacto \/ Ubicaci\u00f3n - Divorce Attorney Weston Florida - Liliana Guarino, P.A.\" \/>\n<meta property=\"og:description\" content=\"P\u00f3ngase en contacto con Liliana por correo electr\u00f3nico, tel\u00e9fono o visite nuestra ubicaci\u00f3n en Weston dentro del edificio de The Lakeside Executive Suites. Ubicado en Weston Road al oeste de la I-75.\" \/>\n<meta property=\"og:url\" content=\"https:\/\/divorceattorneyatweston.com\/es\/contacto\/\" \/>\n<meta property=\"og:site_name\" content=\"Divorce Attorney Weston Florida - Liliana Guarino, P.A.\" \/>\n<meta property=\"article:modified_time\" content=\"2026-04-16T20:57:38+00:00\" \/>\n<meta property=\"og:image\" content=\"https:\/\/divorceattorneyatweston.com\/wp-content\/uploads\/2024\/10\/liliana-l-guarino-profile-2024-H-1.jpg\" \/>\n\t<meta property=\"og:image:width\" content=\"1200\" \/>\n\t<meta property=\"og:image:height\" content=\"734\" \/>\n\t<meta property=\"og:image:type\" content=\"image\/jpeg\" \/>\n<meta name=\"twitter:label1\" content=\"Tiempo de lectura\" \/>\n\t<meta name=\"twitter:data1\" content=\"2 minutos\" \/>\n<script type=\"application\/ld+json\" class=\"yoast-schema-graph\">{\"@context\":\"https:\\\/\\\/schema.org\",\"@graph\":[{\"@type\":\"WebPage\",\"@id\":\"https:\\\/\\\/divorceattorneyatweston.com\\\/es\\\/contacto\\\/\",\"url\":\"https:\\\/\\\/divorceattorneyatweston.com\\\/es\\\/contacto\\\/\",\"name\":\"Contacto \\\/ Ubicaci\u00f3n - Divorce Attorney Weston Florida - Liliana Guarino, P.A.\",\"isPartOf\":{\"@id\":\"https:\\\/\\\/divorceattorneyatweston.com\\\/#website\"},\"datePublished\":\"2014-09-24T21:03:43+00:00\",\"dateModified\":\"2026-04-16T20:57:38+00:00\",\"description\":\"P\u00f3ngase en contacto con Liliana por correo electr\u00f3nico, tel\u00e9fono o visite nuestra ubicaci\u00f3n en Weston dentro del edificio de The Lakeside Executive Suites. Ubicado en Weston Road al oeste de la I-75.\",\"breadcrumb\":{\"@id\":\"https:\\\/\\\/divorceattorneyatweston.com\\\/es\\\/contacto\\\/#breadcrumb\"},\"inLanguage\":\"es\",\"potentialAction\":[{\"@type\":\"ReadAction\",\"target\":[\"https:\\\/\\\/divorceattorneyatweston.com\\\/es\\\/contacto\\\/\"]}]},{\"@type\":\"BreadcrumbList\",\"@id\":\"https:\\\/\\\/divorceattorneyatweston.com\\\/es\\\/contacto\\\/#breadcrumb\",\"itemListElement\":[{\"@type\":\"ListItem\",\"position\":1,\"name\":\"Home\",\"item\":\"https:\\\/\\\/divorceattorneyatweston.com\\\/es\\\/\"},{\"@type\":\"ListItem\",\"position\":2,\"name\":\"Contacto \\\/ Ubicaci\u00f3n\"}]},{\"@type\":\"WebSite\",\"@id\":\"https:\\\/\\\/divorceattorneyatweston.com\\\/#website\",\"url\":\"https:\\\/\\\/divorceattorneyatweston.com\\\/\",\"name\":\"Divorce Attorney Weston Florida - Liliana Guarino, P.A.\",\"description\":\"Matrimonial and Family Law\",\"potentialAction\":[{\"@type\":\"SearchAction\",\"target\":{\"@type\":\"EntryPoint\",\"urlTemplate\":\"https:\\\/\\\/divorceattorneyatweston.com\\\/?s={search_term_string}\"},\"query-input\":{\"@type\":\"PropertyValueSpecification\",\"valueRequired\":true,\"valueName\":\"search_term_string\"}}],\"inLanguage\":\"es\"}]}<\/script>\n<!-- \/ Yoast SEO plugin. -->","yoast_head_json":{"title":"Contacto \/ Ubicaci\u00f3n - Divorce Attorney Weston Florida - Liliana Guarino, P.A.","description":"P\u00f3ngase en contacto con Liliana por correo electr\u00f3nico, tel\u00e9fono o visite nuestra ubicaci\u00f3n en Weston dentro del edificio de The Lakeside Executive Suites. Ubicado en Weston Road al oeste de la I-75.","robots":{"index":"index","follow":"follow","max-snippet":"max-snippet:-1","max-image-preview":"max-image-preview:large","max-video-preview":"max-video-preview:-1"},"canonical":"https:\/\/divorceattorneyatweston.com\/es\/contacto\/","og_locale":"es_ES","og_type":"article","og_title":"Contacto \/ Ubicaci\u00f3n - Divorce Attorney Weston Florida - Liliana Guarino, P.A.","og_description":"P\u00f3ngase en contacto con Liliana por correo electr\u00f3nico, tel\u00e9fono o visite nuestra ubicaci\u00f3n en Weston dentro del edificio de The Lakeside Executive Suites. Ubicado en Weston Road al oeste de la I-75.","og_url":"https:\/\/divorceattorneyatweston.com\/es\/contacto\/","og_site_name":"Divorce Attorney Weston Florida - Liliana Guarino, P.A.","article_modified_time":"2026-04-16T20:57:38+00:00","og_image":[{"width":1200,"height":734,"url":"https:\/\/divorceattorneyatweston.com\/wp-content\/uploads\/2024\/10\/liliana-l-guarino-profile-2024-H-1.jpg","type":"image\/jpeg"}],"twitter_misc":{"Tiempo de lectura":"2 minutos"},"schema":{"@context":"https:\/\/schema.org","@graph":[{"@type":"WebPage","@id":"https:\/\/divorceattorneyatweston.com\/es\/contacto\/","url":"https:\/\/divorceattorneyatweston.com\/es\/contacto\/","name":"Contacto \/ Ubicaci\u00f3n - Divorce Attorney Weston Florida - Liliana Guarino, P.A.","isPartOf":{"@id":"https:\/\/divorceattorneyatweston.com\/#website"},"datePublished":"2014-09-24T21:03:43+00:00","dateModified":"2026-04-16T20:57:38+00:00","description":"P\u00f3ngase en contacto con Liliana por correo electr\u00f3nico, tel\u00e9fono o visite nuestra ubicaci\u00f3n en Weston dentro del edificio de The Lakeside Executive Suites. Ubicado en Weston Road al oeste de la I-75.","breadcrumb":{"@id":"https:\/\/divorceattorneyatweston.com\/es\/contacto\/#breadcrumb"},"inLanguage":"es","potentialAction":[{"@type":"ReadAction","target":["https:\/\/divorceattorneyatweston.com\/es\/contacto\/"]}]},{"@type":"BreadcrumbList","@id":"https:\/\/divorceattorneyatweston.com\/es\/contacto\/#breadcrumb","itemListElement":[{"@type":"ListItem","position":1,"name":"Home","item":"https:\/\/divorceattorneyatweston.com\/es\/"},{"@type":"ListItem","position":2,"name":"Contacto \/ Ubicaci\u00f3n"}]},{"@type":"WebSite","@id":"https:\/\/divorceattorneyatweston.com\/#website","url":"https:\/\/divorceattorneyatweston.com\/","name":"Divorce Attorney Weston Florida - Liliana Guarino, P.A.","description":"Matrimonial and Family Law","potentialAction":[{"@type":"SearchAction","target":{"@type":"EntryPoint","urlTemplate":"https:\/\/divorceattorneyatweston.com\/?s={search_term_string}"},"query-input":{"@type":"PropertyValueSpecification","valueRequired":true,"valueName":"search_term_string"}}],"inLanguage":"es"}]}},"_links":{"self":[{"href":"https:\/\/divorceattorneyatweston.com\/es\/wp-json\/wp\/v2\/pages\/300","targetHints":{"allow":["GET"]}}],"collection":[{"href":"https:\/\/divorceattorneyatweston.com\/es\/wp-json\/wp\/v2\/pages"}],"about":[{"href":"https:\/\/divorceattorneyatweston.com\/es\/wp-json\/wp\/v2\/types\/page"}],"author":[{"embeddable":true,"href":"https:\/\/divorceattorneyatweston.com\/es\/wp-json\/wp\/v2\/users\/1"}],"replies":[{"embeddable":true,"href":"https:\/\/divorceattorneyatweston.com\/es\/wp-json\/wp\/v2\/comments?post=300"}],"version-history":[{"count":15,"href":"https:\/\/divorceattorneyatweston.com\/es\/wp-json\/wp\/v2\/pages\/300\/revisions"}],"predecessor-version":[{"id":33580,"href":"https:\/\/divorceattorneyatweston.com\/es\/wp-json\/wp\/v2\/pages\/300\/revisions\/33580"}],"wp:attachment":[{"href":"https:\/\/divorceattorneyatweston.com\/es\/wp-json\/wp\/v2\/media?parent=300"}],"curies":[{"name":"wp","href":"https:\/\/api.w.org\/{rel}","templated":true}]}}