{"id":3944,"date":"2021-11-12T14:17:25","date_gmt":"2021-11-12T19:17:25","guid":{"rendered":"http:\/\/divorceattorneyatweston.com\/derecho-colaborativo\/"},"modified":"2026-04-16T16:27:51","modified_gmt":"2026-04-16T20:27:51","slug":"derecho-colaborativo","status":"publish","type":"page","link":"https:\/\/divorceattorneyatweston.com\/es\/derecho-colaborativo\/","title":{"rendered":"Derecho colaborativo"},"content":{"rendered":"<p><div class=\"fusion-fullwidth fullwidth-box fusion-builder-row-1 hundred-percent-fullwidth non-hundred-percent-height-scrolling\" style=\"--awb-background-position:left top;--awb-border-sizes-top:0px;--awb-border-sizes-bottom:0px;--awb-border-sizes-left:0px;--awb-border-sizes-right:0px;--awb-border-radius-top-left:0px;--awb-border-radius-top-right:0px;--awb-border-radius-bottom-right:0px;--awb-border-radius-bottom-left:0px;--awb-background-color:#ffffff;--awb-flex-wrap:wrap;\" ><div class=\"fusion-builder-row fusion-row\"><div class=\"fusion-layout-column fusion_builder_column fusion-builder-column-0 fusion_builder_column_1_1 1_1 fusion-one-full fusion-column-first fusion-column-last\" style=\"--awb-padding-top:20px;--awb-padding-right:20px;--awb-padding-bottom:20px;--awb-padding-left:20px;--awb-bg-size:cover;--awb-margin-top:20px;\"><div class=\"fusion-column-wrapper fusion-flex-column-wrapper-legacy\"><div class=\"fusion-title title fusion-title-1 fusion-sep-none fusion-title-text fusion-title-size-one\" style=\"--awb-margin-top-small:0px;--awb-margin-right-small:0px;--awb-margin-bottom-small:20px;--awb-margin-left-small:0px;\"><h1 class=\"fusion-title-heading title-heading-left\" style=\"margin:0;\"><h1>Divorcio colaborativo. Trabajar juntos tiene muchos beneficios.<\/h1><\/h1><\/div><div class=\"fusion-text fusion-text-1\" style=\"--awb-text-transform:none;\"><p>\u00bfPueden usted y su c\u00f3nyuge trabajar juntos para resolver los problemas del divorcio de manera amistosa? Si es as\u00ed, el m\u00e9todo colaborativo puede ser para usted.<\/p>\n<p>Un divorcio colaborativo requiere que ambas partes acuerden resolver sus problemas de manera amistosa sin ir a la corte. En un enfoque de equipo, que puede incluir profesionales financieros y de salud mental, tanto los c\u00f3nyuges como sus abogados firman un \u00abAcuerdo de participaci\u00f3n\u00bb en el que acuerdan trabajar juntos e intercambiar voluntariamente toda la informaci\u00f3n para llegar a una soluci\u00f3n satisfactoria de todos los problemas en un ambiente no adversario. Los abogados colaborativos deben recibir una formaci\u00f3n y una certificaci\u00f3n especiales.<\/p>\n<blockquote>\n<p>Liliana es miembro de los Profesionales Colaborativos del Derecho de Familia del Sur de Florida.<\/p>\n<\/blockquote>\n<p>Existen incentivos econ\u00f3micos y emocionales para trabajar en el proceso de colaboraci\u00f3n una vez que se haya comprometido con \u00e9l. Pero si una de las partes decide que el divorcio no se puede finalizar en forma colaborativa, ambos abogados deben retirarse del caso y ambos c\u00f3nyuges deben obtener nuevos abogados.<\/p>\n<\/div><div class=\"fusion-clearfix\"><\/div><\/div><\/div><\/div><\/div><div class=\"fusion-fullwidth fullwidth-box fusion-builder-row-2 nonhundred-percent-fullwidth non-hundred-percent-height-scrolling\" style=\"--awb-background-position:left top;--awb-border-sizes-top:0px;--awb-border-sizes-bottom:0px;--awb-border-sizes-left:0px;--awb-border-sizes-right:0px;--awb-border-radius-top-left:0px;--awb-border-radius-top-right:0px;--awb-border-radius-bottom-right:0px;--awb-border-radius-bottom-left:0px;--awb-padding-top:0px;--awb-padding-bottom:0px;--awb-flex-wrap:wrap;\" ><div class=\"fusion-builder-row fusion-row\"><div class=\"fusion-layout-column fusion_builder_column fusion-builder-column-1 fusion_builder_column_1_1 1_1 fusion-one-full fusion-column-first fusion-column-last fusion-column-no-min-height\" style=\"--awb-bg-size:cover;--awb-margin-bottom:0px;\"><div class=\"fusion-column-wrapper fusion-flex-column-wrapper-legacy\"><div class=\"fusion-title title fusion-title-2 fusion-sep-none fusion-title-text fusion-title-size-one\" style=\"--awb-margin-top-small:0px;--awb-margin-right-small:0px;--awb-margin-bottom-small:20px;--awb-margin-left-small:0px;\"><h1 class=\"fusion-title-heading title-heading-left\" style=\"margin:0;\"><h1>Derecho colaborativo como opci\u00f3n de divorcio &#8211; Preguntas frecuentes<\/h1><\/h1><\/div><style type=\"text\/css\">.fusion-faqs-wrapper #accordian-1 .fusion-panel { border-color:#e0dede; }.fusion-faqs-wrapper #accordian-1 .fusion-panel:hover{ border-color: #e0dede; }.fusion-accordian #accordian-1 .panel-title a .fa-fusion-box:before{ font-size: 13px;width: 13px;}.fusion-accordian #accordian-1 .panel-title a .fa-fusion-box{ color: #ffffff;}.fusion-accordian  #accordian-1 .panel-title a{font-family:\"Antic Slab\";font-style:normal;font-weight:400;}.fusion-accordian  #accordian-1 .panel-title a:not(:hover){}.fusion-accordian  #accordian-1 .toggle-content{font-family:\"PT Sans\";font-style:normal;font-weight:400;}.fusion-accordian #accordian-1 .fa-fusion-box { background-color: #333333 !important;border-color: #333333 !important;}.fusion-accordian #accordian-1 .panel-title a:hover,.fusion-accordian #accordian-1 .panel-title a.hover { color: #5a8fe0;}.fusion-faq-shortcode .fusion-accordian #accordian-1 .fusion-toggle-boxed-mode:hover .panel-title a { color: #5a8fe0;}.fusion-accordian #accordian-1 .panel-title .active .fa-fusion-box,.fusion-accordian #accordian-1 .panel-title a:hover .fa-fusion-box,.fusion-accordian #accordian-1 .panel-title a.hover .fa-fusion-box { background-color: #5a8fe0!important;border-color: #5a8fe0!important;}<\/style><div class=\"fusion-faq-shortcode\" style=\"\"><div class=\"fusion-faqs-wrapper\"><div class=\"accordian fusion-accordian\"><div class=\"panel-group \" id=\"accordian-1\"><div class=\"fusion-panel panel-default fusion-faq-post fusion-faq-post-3958 divorcio-colaborativo \"><span class=\"entry-title rich-snippet-hidden\">\u00bfEs un divorcio colaborativo menos costoso?<\/span><span class=\"vcard rich-snippet-hidden\"><span class=\"fn\"><a href=\"https:\/\/divorceattorneyatweston.com\/es\/author\/cnagro\/\" title=\"Entradas de cnagro\" rel=\"author\">cnagro<\/a><\/span><\/span><span class=\"updated rich-snippet-hidden\">2021-12-03T17:03:57-05:00<\/span><div class=\"panel-heading\"><h4 id=\"faq_1-3958\" class=\"panel-title toggle\"><a data-toggle=\"collapse\" class=\"collapsed\" data-parent=\"#accordian-1\" data-target=\"#collapse-1-3958\" href=\"#collapse-1-3958\" aria-expanded=\"false\"><div class=\"fusion-toggle-icon-wrapper\"><div class=\"fusion-toggle-icon-wrapper-main\"><div class=\"fusion-toggle-icon-wrapper-sub\"><i class=\"fa-fusion-box active-icon awb-icon-minus\" aria-hidden=\"true\"><\/i><i class=\"fa-fusion-box inactive-icon awb-icon-plus\" aria-hidden=\"true\"><\/i><\/div><\/div><\/div><div class=\"fusion-toggle-heading\">\u00bfEs un divorcio colaborativo menos costoso?<\/div><\/a><\/h4><\/div><div id=\"collapse-1-3958\" aria-labelledby=\"faq_1-3958\" class=\"panel-collapse collapse\"><div class=\"panel-body toggle-content post-content\"><p>Si. Con, el m\u00e9todo colaborativo, usted comparte los costos de los recursos profesionales con su c\u00f3nyuge. Ambas partes normalmente utilizan profesionales capacitados en finanzas y salud mental, lo que permite ahorrar dinero. Estos profesionales son menos costosos que los honorarios de los abogados y, a menudo, son m\u00e1s adecuados para abordar los diversos aspectos de la preparaci\u00f3n para un divorcio.<\/p>\n<\/div><\/div><\/div><div class=\"fusion-panel panel-default fusion-faq-post fusion-faq-post-3957 divorcio-colaborativo \"><span class=\"entry-title rich-snippet-hidden\">En el divorcio colaborativo, \u00bftodav\u00eda tengo mi propia abogada?<\/span><span class=\"vcard rich-snippet-hidden\"><span class=\"fn\"><a href=\"https:\/\/divorceattorneyatweston.com\/es\/author\/cnagro\/\" title=\"Entradas de cnagro\" rel=\"author\">cnagro<\/a><\/span><\/span><span class=\"updated rich-snippet-hidden\">2021-12-03T17:01:18-05:00<\/span><div class=\"panel-heading\"><h4 id=\"faq_1-3957\" class=\"panel-title toggle\"><a data-toggle=\"collapse\" class=\"collapsed\" data-parent=\"#accordian-1\" data-target=\"#collapse-1-3957\" href=\"#collapse-1-3957\" aria-expanded=\"false\"><div class=\"fusion-toggle-icon-wrapper\"><div class=\"fusion-toggle-icon-wrapper-main\"><div class=\"fusion-toggle-icon-wrapper-sub\"><i class=\"fa-fusion-box active-icon awb-icon-minus\" aria-hidden=\"true\"><\/i><i class=\"fa-fusion-box inactive-icon awb-icon-plus\" aria-hidden=\"true\"><\/i><\/div><\/div><\/div><div class=\"fusion-toggle-heading\">En el divorcio colaborativo, \u00bftodav\u00eda tengo mi propia abogada?<\/div><\/a><\/h4><\/div><div id=\"collapse-1-3957\" aria-labelledby=\"faq_1-3957\" class=\"panel-collapse collapse\"><div class=\"panel-body toggle-content post-content\"><p>Si. De hecho, ambas partes tienen sus propios abogados de divorcio, velando por los mejores intereses de su cliente. Los abogados entrenados en el sistema colaborativo trabajan en estrecha colaboraci\u00f3n con todas las partes con el objetivo de llegar al divorcio lo m\u00e1s f\u00e1cilmente posible.<\/p>\n<\/div><\/div><\/div><div class=\"fusion-panel panel-default fusion-faq-post fusion-faq-post-3956 divorcio-colaborativo \"><span class=\"entry-title rich-snippet-hidden\">\u00bfEs el divorcio colaborativo m\u00e1s privado?<\/span><span class=\"vcard rich-snippet-hidden\"><span class=\"fn\"><a href=\"https:\/\/divorceattorneyatweston.com\/es\/author\/cnagro\/\" title=\"Entradas de cnagro\" rel=\"author\">cnagro<\/a><\/span><\/span><span class=\"updated rich-snippet-hidden\">2021-12-03T16:59:37-05:00<\/span><div class=\"panel-heading\"><h4 id=\"faq_1-3956\" class=\"panel-title toggle\"><a data-toggle=\"collapse\" class=\"collapsed\" data-parent=\"#accordian-1\" data-target=\"#collapse-1-3956\" href=\"#collapse-1-3956\" aria-expanded=\"false\"><div class=\"fusion-toggle-icon-wrapper\"><div class=\"fusion-toggle-icon-wrapper-main\"><div class=\"fusion-toggle-icon-wrapper-sub\"><i class=\"fa-fusion-box active-icon awb-icon-minus\" aria-hidden=\"true\"><\/i><i class=\"fa-fusion-box inactive-icon awb-icon-plus\" aria-hidden=\"true\"><\/i><\/div><\/div><\/div><div class=\"fusion-toggle-heading\">\u00bfEs el divorcio colaborativo m\u00e1s privado?<\/div><\/a><\/h4><\/div><div id=\"collapse-1-3956\" aria-labelledby=\"faq_1-3956\" class=\"panel-collapse collapse\"><div class=\"panel-body toggle-content post-content\"><p>Un proceso de divorcio colaborativo mantiene todo menos la presentaci\u00f3n final fuera del sistema judicial. Las partes trabajan a su propio ritmo resolviendo los detalles del divorcio con un equipo de sus abogados y otros profesionales capacitados. Los jueces no participan en la toma de decisiones. Este enfoque limita la exposici\u00f3n a los registros p\u00fablicos.<\/p>\n<\/div><\/div><\/div><\/div><\/div><\/div><\/div><div class=\"fusion-sep-clear\"><\/div><div class=\"fusion-separator fusion-full-width-sep\" style=\"margin-left: auto;margin-right: auto;margin-top:40px;margin-bottom:40px;width:100%;\"><\/div><div class=\"fusion-sep-clear\"><\/div><div class=\"fusion-clearfix\"><\/div><\/div><\/div><\/div><\/div><div class=\"fusion-fullwidth fullwidth-box fusion-builder-row-3 fusion-flex-container nonhundred-percent-fullwidth non-hundred-percent-height-scrolling\" style=\"--awb-border-radius-top-left:0px;--awb-border-radius-top-right:0px;--awb-border-radius-bottom-right:0px;--awb-border-radius-bottom-left:0px;--awb-padding-right:40px;--awb-padding-left:40px;--awb-margin-top:40px;--awb-background-color:#cce4fc;--awb-flex-wrap:wrap;\" ><div class=\"fusion-builder-row fusion-row fusion-flex-align-items-center fusion-flex-content-wrap\" style=\"max-width:1144px;margin-left: calc(-4% \/ 2 );margin-right: calc(-4% \/ 2 );\"><div class=\"fusion-layout-column fusion_builder_column fusion-builder-column-2 fusion_builder_column_3_4 3_4 fusion-flex-column fusion-flex-align-self-center\" style=\"--awb-bg-size:cover;--awb-width-large:75%;--awb-margin-top-large:0px;--awb-spacing-right-large:2.56%;--awb-margin-bottom-large:0px;--awb-spacing-left-large:2.56%;--awb-width-medium:100%;--awb-order-medium:0;--awb-spacing-right-medium:1.92%;--awb-spacing-left-medium:1.92%;--awb-width-small:100%;--awb-order-small:0;--awb-spacing-right-small:1.92%;--awb-spacing-left-small:1.92%;\"><div class=\"fusion-column-wrapper fusion-column-has-shadow fusion-flex-justify-content-center fusion-content-layout-column\"><div class=\"fusion-text fusion-text-2\" style=\"--awb-text-transform:none;\"><h1>Programa una consulta personal con Liliana<\/h1>\n<\/div><\/div><\/div><div class=\"fusion-layout-column fusion_builder_column fusion-builder-column-3 fusion_builder_column_1_4 1_4 fusion-flex-column fusion-flex-align-self-center\" style=\"--awb-padding-top:20px;--awb-padding-bottom:20px;--awb-padding-left:0px;--awb-bg-size:cover;--awb-width-large:25%;--awb-margin-top-large:0px;--awb-spacing-right-large:0px;--awb-margin-bottom-large:0px;--awb-spacing-left-large:0px;--awb-width-medium:100%;--awb-order-medium:0;--awb-spacing-right-medium:1.92%;--awb-spacing-left-medium:1.92%;--awb-width-small:100%;--awb-order-small:0;--awb-spacing-right-small:1.92%;--awb-spacing-left-small:1.92%;\"><div class=\"fusion-column-wrapper fusion-column-has-shadow fusion-flex-justify-content-space-evenly fusion-content-layout-column\"><div style=\"text-align:center;\"><a class=\"fusion-button button-flat button-xlarge button-default fusion-button-default button-1 fusion-button-default-span fusion-button-default-type\" target=\"_self\" href=\"https:\/\/divorceattorneyatweston.com\/es\/descargo-de-responsabilidad-de-consulta-gratuita\/\"><span class=\"fusion-button-text awb-button__text awb-button__text--default\">\u00a1Empieza ahora gratis!<\/span><\/a><\/div><\/div><\/div><\/div><\/div>\n<div class=\"fusion-fullwidth fullwidth-box fusion-builder-row-4 fusion-flex-container nonhundred-percent-fullwidth non-hundred-percent-height-scrolling\" style=\"--awb-border-radius-top-left:0px;--awb-border-radius-top-right:0px;--awb-border-radius-bottom-right:0px;--awb-border-radius-bottom-left:0px;--awb-margin-top:20px;--awb-flex-wrap:wrap;\" ><div class=\"fusion-builder-row fusion-row fusion-flex-align-items-flex-start fusion-flex-content-wrap\" style=\"max-width:1144px;margin-left: calc(-4% \/ 2 );margin-right: calc(-4% \/ 2 );\"><div class=\"fusion-layout-column fusion_builder_column fusion-builder-column-4 fusion_builder_column_1_1 1_1 fusion-flex-column\" style=\"--awb-bg-size:cover;--awb-width-large:100%;--awb-margin-top-large:0px;--awb-spacing-right-large:1.92%;--awb-margin-bottom-large:0px;--awb-spacing-left-large:1.92%;--awb-width-medium:100%;--awb-spacing-right-medium:1.92%;--awb-spacing-left-medium:1.92%;--awb-width-small:100%;--awb-spacing-right-small:1.92%;--awb-spacing-left-small:1.92%;\"><div class=\"fusion-column-wrapper fusion-flex-justify-content-flex-start fusion-content-layout-column\"><div class=\"fusion-text fusion-text-3\" style=\"--awb-text-transform:none;\"><p><strong>* Tenga en cuenta:<\/strong> Liliana L Guarino se reserva el derecho de determinar si su servicio de divorcio colaborativo es apropiado para su situaci\u00f3n.<\/p>\n<\/div><\/div><\/div><\/div><\/div><\/p>\n","protected":false},"excerpt":{"rendered":"","protected":false},"author":1,"featured_media":11002,"parent":0,"menu_order":0,"comment_status":"closed","ping_status":"closed","template":"","meta":{"footnotes":""},"class_list":["post-3944","page","type-page","status-publish","has-post-thumbnail","hentry"],"yoast_head":"<!-- This site is optimized with the Yoast SEO plugin v27.4 - https:\/\/yoast.com\/product\/yoast-seo-wordpress\/ -->\n<title>Derecho colaborativo - Divorce Attorney Weston Florida - Liliana Guarino, P.A.<\/title>\n<meta name=\"robots\" content=\"index, follow, max-snippet:-1, max-image-preview:large, max-video-preview:-1\" \/>\n<link rel=\"canonical\" href=\"https:\/\/divorceattorneyatweston.com\/collaborative-divorce\/\" \/>\n<meta property=\"og:locale\" content=\"es_ES\" \/>\n<meta property=\"og:type\" content=\"article\" \/>\n<meta property=\"og:title\" content=\"Derecho colaborativo - Divorce Attorney Weston Florida - Liliana Guarino, P.A.\" \/>\n<meta property=\"og:url\" content=\"https:\/\/divorceattorneyatweston.com\/collaborative-divorce\/\" \/>\n<meta property=\"og:site_name\" content=\"Divorce Attorney Weston Florida - Liliana Guarino, P.A.\" \/>\n<meta property=\"article:modified_time\" content=\"2026-04-16T20:27:51+00:00\" \/>\n<meta property=\"og:image\" content=\"https:\/\/divorceattorneyatweston.com\/wp-content\/uploads\/2024\/10\/liliana-l-guarino-profile-2024-H-1.jpg\" \/>\n\t<meta property=\"og:image:width\" content=\"1200\" \/>\n\t<meta property=\"og:image:height\" content=\"734\" \/>\n\t<meta property=\"og:image:type\" content=\"image\/jpeg\" \/>\n<meta name=\"twitter:label1\" content=\"Tiempo de lectura\" \/>\n\t<meta name=\"twitter:data1\" content=\"6 minutos\" \/>\n<script type=\"application\/ld+json\" class=\"yoast-schema-graph\">{\"@context\":\"https:\\\/\\\/schema.org\",\"@graph\":[{\"@type\":\"WebPage\",\"@id\":\"https:\\\/\\\/divorceattorneyatweston.com\\\/collaborative-divorce\\\/\",\"url\":\"https:\\\/\\\/divorceattorneyatweston.com\\\/collaborative-divorce\\\/\",\"name\":\"Derecho colaborativo - Divorce Attorney Weston Florida - Liliana Guarino, P.A.\",\"isPartOf\":{\"@id\":\"https:\\\/\\\/divorceattorneyatweston.com\\\/#website\"},\"primaryImageOfPage\":{\"@id\":\"https:\\\/\\\/divorceattorneyatweston.com\\\/collaborative-divorce\\\/#primaryimage\"},\"image\":{\"@id\":\"https:\\\/\\\/divorceattorneyatweston.com\\\/collaborative-divorce\\\/#primaryimage\"},\"thumbnailUrl\":\"https:\\\/\\\/divorceattorneyatweston.com\\\/wp-content\\\/uploads\\\/2024\\\/02\\\/cnagro_money_divorce_litigation_2599d6b0-9ce5-4d56-a7d3-e22a01bc27c2.png\",\"datePublished\":\"2021-11-12T19:17:25+00:00\",\"dateModified\":\"2026-04-16T20:27:51+00:00\",\"breadcrumb\":{\"@id\":\"https:\\\/\\\/divorceattorneyatweston.com\\\/collaborative-divorce\\\/#breadcrumb\"},\"inLanguage\":\"es\",\"potentialAction\":[{\"@type\":\"ReadAction\",\"target\":[\"https:\\\/\\\/divorceattorneyatweston.com\\\/collaborative-divorce\\\/\"]}]},{\"@type\":\"ImageObject\",\"inLanguage\":\"es\",\"@id\":\"https:\\\/\\\/divorceattorneyatweston.com\\\/collaborative-divorce\\\/#primaryimage\",\"url\":\"https:\\\/\\\/divorceattorneyatweston.com\\\/wp-content\\\/uploads\\\/2024\\\/02\\\/cnagro_money_divorce_litigation_2599d6b0-9ce5-4d56-a7d3-e22a01bc27c2.png\",\"contentUrl\":\"https:\\\/\\\/divorceattorneyatweston.com\\\/wp-content\\\/uploads\\\/2024\\\/02\\\/cnagro_money_divorce_litigation_2599d6b0-9ce5-4d56-a7d3-e22a01bc27c2.png\",\"width\":1024,\"height\":1024},{\"@type\":\"BreadcrumbList\",\"@id\":\"https:\\\/\\\/divorceattorneyatweston.com\\\/collaborative-divorce\\\/#breadcrumb\",\"itemListElement\":[{\"@type\":\"ListItem\",\"position\":1,\"name\":\"Home\",\"item\":\"https:\\\/\\\/divorceattorneyatweston.com\\\/es\\\/\"},{\"@type\":\"ListItem\",\"position\":2,\"name\":\"Derecho colaborativo\"}]},{\"@type\":\"WebSite\",\"@id\":\"https:\\\/\\\/divorceattorneyatweston.com\\\/#website\",\"url\":\"https:\\\/\\\/divorceattorneyatweston.com\\\/\",\"name\":\"Divorce Attorney Weston Florida - Liliana Guarino, P.A.\",\"description\":\"Matrimonial and Family Law\",\"potentialAction\":[{\"@type\":\"SearchAction\",\"target\":{\"@type\":\"EntryPoint\",\"urlTemplate\":\"https:\\\/\\\/divorceattorneyatweston.com\\\/?s={search_term_string}\"},\"query-input\":{\"@type\":\"PropertyValueSpecification\",\"valueRequired\":true,\"valueName\":\"search_term_string\"}}],\"inLanguage\":\"es\"}]}<\/script>\n<!-- \/ Yoast SEO plugin. -->","yoast_head_json":{"title":"Derecho colaborativo - Divorce Attorney Weston Florida - Liliana Guarino, P.A.","robots":{"index":"index","follow":"follow","max-snippet":"max-snippet:-1","max-image-preview":"max-image-preview:large","max-video-preview":"max-video-preview:-1"},"canonical":"https:\/\/divorceattorneyatweston.com\/collaborative-divorce\/","og_locale":"es_ES","og_type":"article","og_title":"Derecho colaborativo - Divorce Attorney Weston Florida - Liliana Guarino, P.A.","og_url":"https:\/\/divorceattorneyatweston.com\/collaborative-divorce\/","og_site_name":"Divorce Attorney Weston Florida - Liliana Guarino, P.A.","article_modified_time":"2026-04-16T20:27:51+00:00","og_image":[{"width":1200,"height":734,"url":"https:\/\/divorceattorneyatweston.com\/wp-content\/uploads\/2024\/10\/liliana-l-guarino-profile-2024-H-1.jpg","type":"image\/jpeg"}],"twitter_misc":{"Tiempo de lectura":"6 minutos"},"schema":{"@context":"https:\/\/schema.org","@graph":[{"@type":"WebPage","@id":"https:\/\/divorceattorneyatweston.com\/collaborative-divorce\/","url":"https:\/\/divorceattorneyatweston.com\/collaborative-divorce\/","name":"Derecho colaborativo - Divorce Attorney Weston Florida - Liliana Guarino, P.A.","isPartOf":{"@id":"https:\/\/divorceattorneyatweston.com\/#website"},"primaryImageOfPage":{"@id":"https:\/\/divorceattorneyatweston.com\/collaborative-divorce\/#primaryimage"},"image":{"@id":"https:\/\/divorceattorneyatweston.com\/collaborative-divorce\/#primaryimage"},"thumbnailUrl":"https:\/\/divorceattorneyatweston.com\/wp-content\/uploads\/2024\/02\/cnagro_money_divorce_litigation_2599d6b0-9ce5-4d56-a7d3-e22a01bc27c2.png","datePublished":"2021-11-12T19:17:25+00:00","dateModified":"2026-04-16T20:27:51+00:00","breadcrumb":{"@id":"https:\/\/divorceattorneyatweston.com\/collaborative-divorce\/#breadcrumb"},"inLanguage":"es","potentialAction":[{"@type":"ReadAction","target":["https:\/\/divorceattorneyatweston.com\/collaborative-divorce\/"]}]},{"@type":"ImageObject","inLanguage":"es","@id":"https:\/\/divorceattorneyatweston.com\/collaborative-divorce\/#primaryimage","url":"https:\/\/divorceattorneyatweston.com\/wp-content\/uploads\/2024\/02\/cnagro_money_divorce_litigation_2599d6b0-9ce5-4d56-a7d3-e22a01bc27c2.png","contentUrl":"https:\/\/divorceattorneyatweston.com\/wp-content\/uploads\/2024\/02\/cnagro_money_divorce_litigation_2599d6b0-9ce5-4d56-a7d3-e22a01bc27c2.png","width":1024,"height":1024},{"@type":"BreadcrumbList","@id":"https:\/\/divorceattorneyatweston.com\/collaborative-divorce\/#breadcrumb","itemListElement":[{"@type":"ListItem","position":1,"name":"Home","item":"https:\/\/divorceattorneyatweston.com\/es\/"},{"@type":"ListItem","position":2,"name":"Derecho colaborativo"}]},{"@type":"WebSite","@id":"https:\/\/divorceattorneyatweston.com\/#website","url":"https:\/\/divorceattorneyatweston.com\/","name":"Divorce Attorney Weston Florida - Liliana Guarino, P.A.","description":"Matrimonial and Family Law","potentialAction":[{"@type":"SearchAction","target":{"@type":"EntryPoint","urlTemplate":"https:\/\/divorceattorneyatweston.com\/?s={search_term_string}"},"query-input":{"@type":"PropertyValueSpecification","valueRequired":true,"valueName":"search_term_string"}}],"inLanguage":"es"}]}},"_links":{"self":[{"href":"https:\/\/divorceattorneyatweston.com\/es\/wp-json\/wp\/v2\/pages\/3944","targetHints":{"allow":["GET"]}}],"collection":[{"href":"https:\/\/divorceattorneyatweston.com\/es\/wp-json\/wp\/v2\/pages"}],"about":[{"href":"https:\/\/divorceattorneyatweston.com\/es\/wp-json\/wp\/v2\/types\/page"}],"author":[{"embeddable":true,"href":"https:\/\/divorceattorneyatweston.com\/es\/wp-json\/wp\/v2\/users\/1"}],"replies":[{"embeddable":true,"href":"https:\/\/divorceattorneyatweston.com\/es\/wp-json\/wp\/v2\/comments?post=3944"}],"version-history":[{"count":7,"href":"https:\/\/divorceattorneyatweston.com\/es\/wp-json\/wp\/v2\/pages\/3944\/revisions"}],"predecessor-version":[{"id":33560,"href":"https:\/\/divorceattorneyatweston.com\/es\/wp-json\/wp\/v2\/pages\/3944\/revisions\/33560"}],"wp:featuredmedia":[{"embeddable":true,"href":"https:\/\/divorceattorneyatweston.com\/es\/wp-json\/wp\/v2\/media\/11002"}],"wp:attachment":[{"href":"https:\/\/divorceattorneyatweston.com\/es\/wp-json\/wp\/v2\/media?parent=3944"}],"curies":[{"name":"wp","href":"https:\/\/api.w.org\/{rel}","templated":true}]}}